{"id":14,"date":"2024-10-15T20:26:03","date_gmt":"2024-10-15T20:26:03","guid":{"rendered":"https:\/\/productive-page-y0p7.zipwp.link\/?page_id=14"},"modified":"2025-05-22T21:11:04","modified_gmt":"2025-05-22T20:11:04","slug":"asociacion-cascamorras-3","status":"publish","type":"page","link":"https:\/\/cascamorras.org\/en\/asociacion-cascamorras-3\/","title":{"rendered":"Asociaci\u00f3n Cascamorras"},"content":{"rendered":"<div class=\"wp-block-uagb-container uagb-block-ad39d8c1 alignfull uagb-is-root-container\">\n<div class=\"wp-block-uagb-info-box uagb-block-0eab1ec7 uagb-infobox__content-wrap  uagb-infobox-icon-above-title uagb-infobox-image-valign-top\"><div class=\"uagb-ifb-content\"><div class=\"uagb-ifb-title-wrap\"><span class=\"uagb-ifb-title-prefix\">Your unique experience in Cascamorras Cave<\/span><h1 class=\"uagb-ifb-title\">From the adrenaline of Cascamorras\nto the refuge in the heart of history<\/h1><\/div><\/div><\/div>\n<\/div>\n\n\n\n<div class=\"wp-block-uagb-container uagb-block-349e9a96 alignfull uagb-is-root-container\"><div class=\"uagb-container-inner-blocks-wrap\">\n<div class=\"wp-block-uagb-container uagb-block-037ca53a alignfull uagb-is-root-container\"><div class=\"uagb-container-inner-blocks-wrap\">\n<div class=\"wp-block-uagb-container uagb-block-d5cd5ff2\">\n<div class=\"wp-block-uagb-advanced-heading uagb-block-5c3e852a\"><h2 class=\"uagb-heading-text\">Equipment<\/h2><p class=\"uagb-desc-text\">Cada detalle est\u00e1 pensado para que vivas una experiencia que trascienda lo ordinario. Queremos que sientas la magia de un lugar \u00fanico mientras disfrutas de la tranquilidad, el confort y la autenticidad que ofrecemos.<br>Hemos dise\u00f1ado cuidadosamente una selecci\u00f3n de servicios que combinan comodidad, modernidad y un toque especial para hacerte sentir verdaderamente a gusto. Cada rinc\u00f3n y cada servicio han sido creados para garantizarte una estancia inolvidable, donde todo fluya con naturalidad y t\u00fa solo te preocupes por disfrutar.<br>Ya sea que vengas a relajarte, a explorar o a compartir momentos especiales con los tuyos, en Cueva Cascamorras encontrar\u00e1s todo lo que necesitas para convertir tu escapada en una experiencia \u00fanica. \u00a1Estamos deseando que lo descubras!<\/p><\/div>\n\n\n\n<div class=\"wp-block-uagb-buttons uagb-buttons__outer-wrap uagb-btn__default-btn uagb-btn-tablet__default-btn uagb-btn-mobile__default-btn uagb-block-9575a03a\"><div class=\"uagb-buttons__wrap uagb-buttons-layout-wrap\">\n<div class=\"wp-block-uagb-buttons-child uagb-buttons__outer-wrap uagb-block-9ec799b7 wp-block-button\"><div class=\"uagb-button__wrapper\"><a class=\"uagb-buttons-repeater wp-block-button__link\" aria-label=\"\" href=\"https:\/\/cascamorras.org\/en\/cueva-cascamorras\/equipamiento-cueva-cascamorras-2\/\" rel=\"follow noopener\" target=\"_self\" role=\"button\"><div class=\"uagb-button__link\">SAber m\u00e1s<\/div><\/a><\/div><\/div>\n<\/div><\/div>\n<\/div>\n\n\n\n<div class=\"wp-block-uagb-container uagb-block-03e145d5\">\n<div class=\"wp-block-uagb-image alignleft uagb-block-f0a2222d wp-block-uagb-image--layout-default wp-block-uagb-image--effect-static wp-block-uagb-image--align-left\"><figure class=\"wp-block-uagb-image__figure\"><img loading=\"lazy\" decoding=\"async\" srcset=\"https:\/\/cascamorras.org\/wp-content\/uploads\/2025\/01\/20241227_1622302-1024x785.jpg ,https:\/\/cascamorras.org\/wp-content\/uploads\/2025\/01\/20241227_1622302.jpg 780w, https:\/\/cascamorras.org\/wp-content\/uploads\/2025\/01\/20241227_1622302.jpg 360w\" sizes=\"auto, (max-width: 480px) 150px\" src=\"https:\/\/cascamorras.org\/wp-content\/uploads\/2025\/01\/20241227_1622302-1024x785.jpg\" alt=\"tecnolog\u00eda Cueva Cascamorras\" class=\"uag-image-2964\" width=\"560\" height=\"400\" title=\"tecnolog\u00eda Cueva Cascamorras\" role=\"img\"\/><\/figure><\/div>\n<\/div>\n<\/div><\/div>\n\n\n\n<div class=\"wp-block-uagb-container uagb-block-4eaa7e1f alignfull uagb-is-root-container\"><div class=\"uagb-container-inner-blocks-wrap\">\n<div class=\"wp-block-uagb-container uagb-block-be785329\">\n<div class=\"wp-block-uagb-advanced-heading uagb-block-2f61cb8b\"><h2 class=\"uagb-heading-text\">Facilities<\/h2><p class=\"uagb-desc-text\">Sum\u00e9rgete en la esencia de <strong>Cascamorras Cave<\/strong> , un refugio con alma andaluza donde cada rinc\u00f3n cuenta una historia. Nuestras instalaciones combinan la magia de una cueva tradicional con el confort moderno, ofreci\u00e9ndote un espacio \u00fanico para desconectar y sentirte parte de la historia. La decoraci\u00f3n, impregnada del esp\u00edritu vibrante de la fiesta de Cascamorras, envuelve cada estancia en arte, color y tradici\u00f3n. Disfruta de espacios acogedores, ambientes con encanto y un entorno natural que te invita a la calma y la inspiraci\u00f3n.<br><strong>Aqu\u00ed, cada detalle est\u00e1 pensado para que vivas una experiencia aut\u00e9ntica e inolvidable. \u00a1Bienvenido a la cueva donde la historia cobra vida!<\/strong><\/p><\/div>\n\n\n\n<div class=\"wp-block-uagb-buttons uagb-buttons__outer-wrap uagb-btn__default-btn uagb-btn-tablet__default-btn uagb-btn-mobile__default-btn uagb-block-88dbf605\"><div class=\"uagb-buttons__wrap uagb-buttons-layout-wrap\">\n<div class=\"wp-block-uagb-buttons-child uagb-buttons__outer-wrap uagb-block-77c59459 wp-block-button\"><div class=\"uagb-button__wrapper\"><a class=\"uagb-buttons-repeater wp-block-button__link\" aria-label=\"\" href=\"https:\/\/cascamorras.org\/en\/cueva\/instalaciones\/\" rel=\"follow noopener\" target=\"_self\" role=\"button\"><div class=\"uagb-button__link\">SAber m\u00e1s<\/div><\/a><\/div><\/div>\n<\/div><\/div>\n<\/div>\n\n\n\n<div class=\"wp-block-uagb-container uagb-block-bbd18a9f\">\n<div class=\"wp-block-uagb-image alignleft uagb-block-5731ee50 wp-block-uagb-image--layout-default wp-block-uagb-image--effect-static wp-block-uagb-image--align-left\"><figure class=\"wp-block-uagb-image__figure\"><img loading=\"lazy\" decoding=\"async\" srcset=\"https:\/\/cascamorras.org\/wp-content\/uploads\/2024\/10\/placeta-cueva-cascamorras-3.jpg ,https:\/\/cascamorras.org\/wp-content\/uploads\/2024\/10\/placeta-cueva-cascamorras-3.jpg 780w, https:\/\/cascamorras.org\/wp-content\/uploads\/2024\/10\/placeta-cueva-cascamorras-3.jpg 360w\" sizes=\"auto, (max-width: 480px) 150px\" src=\"https:\/\/cascamorras.org\/wp-content\/uploads\/2024\/10\/placeta-cueva-cascamorras-3.jpg\" alt=\"\" class=\"uag-image-2382\" width=\"560\" height=\"400\" title=\"\" role=\"img\"\/><\/figure><\/div>\n<\/div>\n<\/div><\/div>\n\n\n\n<div class=\"wp-block-uagb-container uagb-block-975bf1b0 alignfull uagb-is-root-container\"><div class=\"uagb-container-inner-blocks-wrap\">\n<div class=\"wp-block-uagb-container uagb-block-0ae9fe58\">\n<div class=\"wp-block-uagb-advanced-heading uagb-block-2e5874b8\"><h2 class=\"uagb-heading-text\">Multimedia: viaje visual \u00fanico<\/h2><p class=\"uagb-desc-text\">En este rinc\u00f3n \u00fanico de Baza-Granada, cada piedra, cada rinc\u00f3n y cada sombra cuentan una historia. Queremos que vivas la experiencia de Cueva Cascamorras como si ya estuvieras aqu\u00ed, por eso hemos reunido una selecci\u00f3n especial de <strong>fotograf\u00edas <\/strong>y <strong>v\u00eddeos<\/strong>. Ad\u00e9ntrate en la esencia de nuestro alojamiento rural, d\u00e9jate maravillar por la belleza de nuestra cueva, y siente la autenticidad de un lugar que fusiona tradici\u00f3n y comodidad. Aqu\u00ed comienza tu viaje visual. \u00a1Prep\u00e1rate para enamorarte de este para\u00edso bajo tierra!<\/p><\/div>\n\n\n\n<div class=\"wp-block-uagb-buttons uagb-buttons__outer-wrap uagb-btn__default-btn uagb-btn-tablet__default-btn uagb-btn-mobile__default-btn uagb-block-a774e91c\"><div class=\"uagb-buttons__wrap uagb-buttons-layout-wrap\">\n<div class=\"wp-block-uagb-buttons-child uagb-buttons__outer-wrap uagb-block-fb8a5f7a wp-block-button\"><div class=\"uagb-button__wrapper\"><a class=\"uagb-buttons-repeater wp-block-button__link\" aria-label=\"\" href=\"https:\/\/cascamorras.org\/en\/cueva\/multimedia\/\" rel=\"follow noopener\" target=\"_self\" role=\"button\"><div class=\"uagb-button__link\">SAber m\u00e1s<\/div><\/a><\/div><\/div>\n<\/div><\/div>\n<\/div>\n\n\n\n<div class=\"wp-block-uagb-container uagb-block-9d54982e\">\n<div class=\"wp-block-uagb-image alignleft uagb-block-29772501 wp-block-uagb-image--layout-default wp-block-uagb-image--effect-static wp-block-uagb-image--align-left\"><figure class=\"wp-block-uagb-image__figure\"><img loading=\"lazy\" decoding=\"async\" srcset=\"https:\/\/cascamorras.org\/wp-content\/uploads\/2025\/01\/IMG-20250128-WA0025-1024x819.jpg ,https:\/\/cascamorras.org\/wp-content\/uploads\/2025\/01\/IMG-20250128-WA0025.jpg 780w, https:\/\/cascamorras.org\/wp-content\/uploads\/2025\/01\/IMG-20250128-WA0025.jpg 360w\" sizes=\"auto, (max-width: 480px) 150px\" src=\"https:\/\/cascamorras.org\/wp-content\/uploads\/2025\/01\/IMG-20250128-WA0025-1024x819.jpg\" alt=\"Collage Cueva Cascamorras\" class=\"uag-image-3620\" width=\"560\" height=\"400\" title=\"Collage Cueva Cascamorras\" role=\"img\"\/><\/figure><\/div>\n<\/div>\n<\/div><\/div>\n\n\n\n<div class=\"wp-block-uagb-container uagb-block-06b024ea alignfull uagb-is-root-container\"><div class=\"uagb-container-inner-blocks-wrap\">\n<div class=\"wp-block-uagb-container uagb-block-9eea38a2\">\n<div class=\"wp-block-uagb-advanced-heading uagb-block-9e1f3372\"><h2 class=\"uagb-heading-text\">Conditions<\/h2><p class=\"uagb-desc-text\"><strong>Peque\u00f1as Normas para una Gran Experiencia<\/strong><br>In\u00a0<strong>Cascamorras Cave<\/strong>, queremos que disfrutes de una estancia \u00fanica y sin preocupaciones. Para que todo fluya con armon\u00eda, hemos establecido algunas normas\/condiciones b\u00e1sicas que garantizan el bienestar de todos nuestros hu\u00e9spedes y el cuidado de este rinc\u00f3n tan especial. Son solo peque\u00f1os gestos de respeto y convivencia que nos ayudan a mantener la magia de la cueva intacta. \u00a1Gracias por formar parte de esta experiencia y hacer de tu visita un recuerdo inolvidable!<\/p><\/div>\n\n\n\n<div class=\"wp-block-uagb-buttons uagb-buttons__outer-wrap uagb-btn__default-btn uagb-btn-tablet__default-btn uagb-btn-mobile__default-btn uagb-block-1660e466\"><div class=\"uagb-buttons__wrap uagb-buttons-layout-wrap\">\n<div class=\"wp-block-uagb-buttons-child uagb-buttons__outer-wrap uagb-block-10133774 wp-block-button\"><div class=\"uagb-button__wrapper\"><a class=\"uagb-buttons-repeater wp-block-button__link\" aria-label=\"\" href=\"https:\/\/cascamorras.org\/en\/cueva-cascamorras\/condiciones-cueva-cascamorras\/\" rel=\"follow noopener\" target=\"_self\" role=\"button\"><div class=\"uagb-button__link\">SAber m\u00e1s<\/div><\/a><\/div><\/div>\n<\/div><\/div>\n<\/div>\n\n\n\n<div class=\"wp-block-uagb-container uagb-block-ca121c8b\">\n<div class=\"wp-block-uagb-image alignleft uagb-block-d648c6ea wp-block-uagb-image--layout-default wp-block-uagb-image--effect-static wp-block-uagb-image--align-left\"><figure class=\"wp-block-uagb-image__figure\"><img loading=\"lazy\" decoding=\"async\" srcset=\"https:\/\/cascamorras.org\/wp-content\/uploads\/2024\/12\/Cascamorras-290623141855-768x1024.png ,https:\/\/cascamorras.org\/wp-content\/uploads\/2024\/12\/Cascamorras-290623141855.png 780w, https:\/\/cascamorras.org\/wp-content\/uploads\/2024\/12\/Cascamorras-290623141855.png 360w\" sizes=\"auto, (max-width: 480px) 150px\" src=\"https:\/\/cascamorras.org\/wp-content\/uploads\/2024\/12\/Cascamorras-290623141855-768x1024.png\" alt=\"\" class=\"uag-image-2741\" width=\"557\" height=\"400\" title=\"Cascamorras 290623141855\" role=\"img\"\/><\/figure><\/div>\n<\/div>\n<\/div><\/div>\n<\/div><\/div>\n\n\n\n<div class=\"wp-block-uagb-container uagb-block-625fb0d3 alignfull uagb-is-root-container\"><div class=\"uagb-container-inner-blocks-wrap\">\n<div class=\"wp-block-uagb-info-box uagb-block-bff49d32 uagb-infobox__content-wrap  uagb-infobox-icon-above-title uagb-infobox-image-valign-top\"><div class=\"uagb-ifb-content\"><div class=\"uagb-ifb-title-wrap\"><span class=\"uagb-ifb-title-prefix\">Exclusive discount! <\/span><h2 class=\"uagb-ifb-title\">Exclusive discount!\nTake advantage of 15% off your next mid-stay booking and<br> Exclusive discount!\nTake advantage of 15% off your next mid-stay booking and<\/h2><\/div><\/div><\/div>\n\n\n\n<div class=\"wp-block-uagb-info-box uagb-block-ddde12bb uagb-infobox__content-wrap  uagb-infobox-icon-above-title uagb-infobox-image-valign-top\"><div class=\"uagb-ifb-content\"><div class=\"uagb-ifb-title-wrap\"><span class=\"uagb-ifb-title-prefix\"> Don't miss it!<\/span><h2 class=\"uagb-ifb-title\">for a limited time only! <\/h2><\/div><\/div><\/div>\n<\/div><\/div>","protected":false},"excerpt":{"rendered":"<p>Equipamiento Cada detalle est\u00e1 pensado para que vivas una experiencia que trascienda lo ordinario. Queremos que sientas la magia de un lugar \u00fanico mientras disfrutas de la tranquilidad, el confort y la autenticidad que ofrecemos.Hemos dise\u00f1ado cuidadosamente una selecci\u00f3n de servicios que combinan comodidad, modernidad y un toque especial para hacerte sentir verdaderamente a gusto. [&hellip;]<\/p>","protected":false},"author":5,"featured_media":0,"parent":0,"menu_order":2,"comment_status":"closed","ping_status":"closed","template":"","meta":{"_surecart_dashboard_logo_width":"180px","_surecart_dashboard_show_logo":true,"_surecart_dashboard_navigation_orders":true,"_surecart_dashboard_navigation_invoices":true,"_surecart_dashboard_navigation_subscriptions":true,"_surecart_dashboard_navigation_downloads":true,"_surecart_dashboard_navigation_billing":true,"_surecart_dashboard_navigation_account":true,"_uag_custom_page_level_css":"","site-sidebar-layout":"default","site-content-layout":"","ast-site-content-layout":"normal-width-container","site-content-style":"default","site-sidebar-style":"default","ast-global-header-display":"","ast-banner-title-visibility":"disabled","ast-main-header-display":"","ast-hfb-above-header-display":"","ast-hfb-below-header-display":"","ast-hfb-mobile-header-display":"","site-post-title":"disabled","ast-breadcrumbs-content":"","ast-featured-img":"","footer-sml-layout":"","theme-transparent-header-meta":"enabled","adv-header-id-meta":"","stick-header-meta":"","header-above-stick-meta":"","header-main-stick-meta":"","header-below-stick-meta":"","astra-migrate-meta-layouts":"","ast-page-background-enabled":"default","ast-page-background-meta":{"desktop":{"background-color":"var(--ast-global-color-4)","background-image":"","background-repeat":"repeat","background-position":"center center","background-size":"auto","background-attachment":"scroll","background-type":"","background-media":"","overlay-type":"","overlay-color":"","overlay-opacity":"","overlay-gradient":""},"tablet":{"background-color":"","background-image":"","background-repeat":"repeat","background-position":"center center","background-size":"auto","background-attachment":"scroll","background-type":"","background-media":"","overlay-type":"","overlay-color":"","overlay-opacity":"","overlay-gradient":""},"mobile":{"background-color":"","background-image":"","background-repeat":"repeat","background-position":"center center","background-size":"auto","background-attachment":"scroll","background-type":"","background-media":"","overlay-type":"","overlay-color":"","overlay-opacity":"","overlay-gradient":""}},"ast-content-background-meta":{"desktop":{"background-color":"var(--ast-global-color-5)","background-image":"","background-repeat":"repeat","background-position":"center center","background-size":"auto","background-attachment":"scroll","background-type":"","background-media":"","overlay-type":"","overlay-color":"","overlay-opacity":"","overlay-gradient":""},"tablet":{"background-color":"var(--ast-global-color-5)","background-image":"","background-repeat":"repeat","background-position":"center center","background-size":"auto","background-attachment":"scroll","background-type":"","background-media":"","overlay-type":"","overlay-color":"","overlay-opacity":"","overlay-gradient":""},"mobile":{"background-color":"var(--ast-global-color-5)","background-image":"","background-repeat":"repeat","background-position":"center center","background-size":"auto","background-attachment":"scroll","background-type":"","background-media":"","overlay-type":"","overlay-color":"","overlay-opacity":"","overlay-gradient":""}},"ngg_post_thumbnail":0,"footnotes":""},"class_list":["post-14","page","type-page","status-publish","hentry"],"yoast_head":"<!-- This site is optimized with the Yoast SEO plugin v25.1 - https:\/\/yoast.com\/wordpress\/plugins\/seo\/ -->\n<title>Asociaci\u00f3n Cascamorras - CUEVA CASCAMORRAS<\/title>\n<meta name=\"robots\" content=\"index, follow, max-snippet:-1, max-image-preview:large, max-video-preview:-1\" \/>\n<link rel=\"canonical\" href=\"https:\/\/cascamorras.org\/en\/asociacion-cascamorras-3\/\" \/>\n<meta property=\"og:locale\" content=\"en_US\" \/>\n<meta property=\"og:type\" content=\"article\" \/>\n<meta property=\"og:title\" content=\"Asociaci\u00f3n Cascamorras - CUEVA CASCAMORRAS\" \/>\n<meta property=\"og:description\" content=\"Equipamiento Cada detalle est\u00e1 pensado para que vivas una experiencia que trascienda lo ordinario. Queremos que sientas la magia de un lugar \u00fanico mientras disfrutas de la tranquilidad, el confort y la autenticidad que ofrecemos.Hemos dise\u00f1ado cuidadosamente una selecci\u00f3n de servicios que combinan comodidad, modernidad y un toque especial para hacerte sentir verdaderamente a gusto. [&hellip;]\" \/>\n<meta property=\"og:url\" content=\"https:\/\/cascamorras.org\/en\/asociacion-cascamorras-3\/\" \/>\n<meta property=\"og:site_name\" content=\"CUEVA CASCAMORRAS\" \/>\n<meta property=\"article:modified_time\" content=\"2025-05-22T20:11:04+00:00\" \/>\n<meta property=\"og:image\" content=\"https:\/\/cascamorras.org\/wp-content\/uploads\/2025\/01\/20241227_1622302-1024x785.jpg\" \/>\n<meta name=\"twitter:card\" content=\"summary_large_image\" \/>\n<meta name=\"twitter:label1\" content=\"Est. reading time\" \/>\n\t<meta name=\"twitter:data1\" content=\"2 minutes\" \/>\n<script type=\"application\/ld+json\" class=\"yoast-schema-graph\">{\"@context\":\"https:\/\/schema.org\",\"@graph\":[{\"@type\":\"WebPage\",\"@id\":\"https:\/\/cascamorras.org\/asociacion-cascamorras-3\/\",\"url\":\"https:\/\/cascamorras.org\/asociacion-cascamorras-3\/\",\"name\":\"Asociaci\u00f3n Cascamorras - CUEVA CASCAMORRAS\",\"isPartOf\":{\"@id\":\"https:\/\/cascamorras.org\/#website\"},\"primaryImageOfPage\":{\"@id\":\"https:\/\/cascamorras.org\/asociacion-cascamorras-3\/#primaryimage\"},\"image\":{\"@id\":\"https:\/\/cascamorras.org\/asociacion-cascamorras-3\/#primaryimage\"},\"thumbnailUrl\":\"https:\/\/cascamorras.org\/wp-content\/uploads\/2025\/01\/20241227_1622302-1024x785.jpg\",\"datePublished\":\"2024-10-15T20:26:03+00:00\",\"dateModified\":\"2025-05-22T20:11:04+00:00\",\"breadcrumb\":{\"@id\":\"https:\/\/cascamorras.org\/asociacion-cascamorras-3\/#breadcrumb\"},\"inLanguage\":\"en-US\",\"potentialAction\":[{\"@type\":\"ReadAction\",\"target\":[\"https:\/\/cascamorras.org\/asociacion-cascamorras-3\/\"]}]},{\"@type\":\"ImageObject\",\"inLanguage\":\"en-US\",\"@id\":\"https:\/\/cascamorras.org\/asociacion-cascamorras-3\/#primaryimage\",\"url\":\"https:\/\/cascamorras.org\/wp-content\/uploads\/2025\/01\/20241227_1622302-1024x785.jpg\",\"contentUrl\":\"https:\/\/cascamorras.org\/wp-content\/uploads\/2025\/01\/20241227_1622302-1024x785.jpg\"},{\"@type\":\"BreadcrumbList\",\"@id\":\"https:\/\/cascamorras.org\/asociacion-cascamorras-3\/#breadcrumb\",\"itemListElement\":[{\"@type\":\"ListItem\",\"position\":1,\"name\":\"Portada\",\"item\":\"https:\/\/cascamorras.org\/\"},{\"@type\":\"ListItem\",\"position\":2,\"name\":\"Asociaci\u00f3n Cascamorras\"}]},{\"@type\":\"WebSite\",\"@id\":\"https:\/\/cascamorras.org\/#website\",\"url\":\"https:\/\/cascamorras.org\/\",\"name\":\"CUEVA CASCAMORRAS\",\"description\":\"Cueva Cascamorras es un alojamiento rural \u00fanico en Baza (Granada), donde historia y confort se fusionan. Vive la magia de dormir en una cueva aut\u00e9ntica con todas las comodidades. \u00a1Un refugio lleno de encanto!\",\"publisher\":{\"@id\":\"https:\/\/cascamorras.org\/#\/schema\/person\/f6feb02bbb20c240a3989c4d29108235\"},\"potentialAction\":[{\"@type\":\"SearchAction\",\"target\":{\"@type\":\"EntryPoint\",\"urlTemplate\":\"https:\/\/cascamorras.org\/?s={search_term_string}\"},\"query-input\":{\"@type\":\"PropertyValueSpecification\",\"valueRequired\":true,\"valueName\":\"search_term_string\"}}],\"inLanguage\":\"en-US\"},{\"@type\":[\"Person\",\"Organization\"],\"@id\":\"https:\/\/cascamorras.org\/#\/schema\/person\/f6feb02bbb20c240a3989c4d29108235\",\"name\":\"SANTI VALERO SANCHEZ\",\"image\":{\"@type\":\"ImageObject\",\"inLanguage\":\"en-US\",\"@id\":\"https:\/\/cascamorras.org\/#\/schema\/person\/image\/\",\"url\":\"https:\/\/cascamorras.org\/wp-content\/uploads\/2025\/02\/Logo-Cueva-Cascamorras-positivo-scaled.jpg\",\"contentUrl\":\"https:\/\/cascamorras.org\/wp-content\/uploads\/2025\/02\/Logo-Cueva-Cascamorras-positivo-scaled.jpg\",\"width\":2560,\"height\":2515,\"caption\":\"SANTI VALERO SANCHEZ\"},\"logo\":{\"@id\":\"https:\/\/cascamorras.org\/#\/schema\/person\/image\/\"}}]}<\/script>\n<!-- \/ Yoast SEO plugin. -->","yoast_head_json":{"title":"Asociaci\u00f3n Cascamorras - CUEVA CASCAMORRAS","robots":{"index":"index","follow":"follow","max-snippet":"max-snippet:-1","max-image-preview":"max-image-preview:large","max-video-preview":"max-video-preview:-1"},"canonical":"https:\/\/cascamorras.org\/en\/asociacion-cascamorras-3\/","og_locale":"en_US","og_type":"article","og_title":"Asociaci\u00f3n Cascamorras - CUEVA CASCAMORRAS","og_description":"Equipamiento Cada detalle est\u00e1 pensado para que vivas una experiencia que trascienda lo ordinario. Queremos que sientas la magia de un lugar \u00fanico mientras disfrutas de la tranquilidad, el confort y la autenticidad que ofrecemos.Hemos dise\u00f1ado cuidadosamente una selecci\u00f3n de servicios que combinan comodidad, modernidad y un toque especial para hacerte sentir verdaderamente a gusto. [&hellip;]","og_url":"https:\/\/cascamorras.org\/en\/asociacion-cascamorras-3\/","og_site_name":"CUEVA CASCAMORRAS","article_modified_time":"2025-05-22T20:11:04+00:00","og_image":[{"url":"https:\/\/cascamorras.org\/wp-content\/uploads\/2025\/01\/20241227_1622302-1024x785.jpg","type":"","width":"","height":""}],"twitter_card":"summary_large_image","twitter_misc":{"Est. reading time":"2 minutes"},"schema":{"@context":"https:\/\/schema.org","@graph":[{"@type":"WebPage","@id":"https:\/\/cascamorras.org\/asociacion-cascamorras-3\/","url":"https:\/\/cascamorras.org\/asociacion-cascamorras-3\/","name":"Asociaci\u00f3n Cascamorras - CUEVA CASCAMORRAS","isPartOf":{"@id":"https:\/\/cascamorras.org\/#website"},"primaryImageOfPage":{"@id":"https:\/\/cascamorras.org\/asociacion-cascamorras-3\/#primaryimage"},"image":{"@id":"https:\/\/cascamorras.org\/asociacion-cascamorras-3\/#primaryimage"},"thumbnailUrl":"https:\/\/cascamorras.org\/wp-content\/uploads\/2025\/01\/20241227_1622302-1024x785.jpg","datePublished":"2024-10-15T20:26:03+00:00","dateModified":"2025-05-22T20:11:04+00:00","breadcrumb":{"@id":"https:\/\/cascamorras.org\/asociacion-cascamorras-3\/#breadcrumb"},"inLanguage":"en-US","potentialAction":[{"@type":"ReadAction","target":["https:\/\/cascamorras.org\/asociacion-cascamorras-3\/"]}]},{"@type":"ImageObject","inLanguage":"en-US","@id":"https:\/\/cascamorras.org\/asociacion-cascamorras-3\/#primaryimage","url":"https:\/\/cascamorras.org\/wp-content\/uploads\/2025\/01\/20241227_1622302-1024x785.jpg","contentUrl":"https:\/\/cascamorras.org\/wp-content\/uploads\/2025\/01\/20241227_1622302-1024x785.jpg"},{"@type":"BreadcrumbList","@id":"https:\/\/cascamorras.org\/asociacion-cascamorras-3\/#breadcrumb","itemListElement":[{"@type":"ListItem","position":1,"name":"Portada","item":"https:\/\/cascamorras.org\/"},{"@type":"ListItem","position":2,"name":"Asociaci\u00f3n Cascamorras"}]},{"@type":"WebSite","@id":"https:\/\/cascamorras.org\/#website","url":"https:\/\/cascamorras.org\/","name":"CUEVA CASCAMORRAS","description":"Cueva Cascamorras es un alojamiento rural \u00fanico en Baza (Granada), donde historia y confort se fusionan. Vive la magia de dormir en una cueva aut\u00e9ntica con todas las comodidades. \u00a1Un refugio lleno de encanto!","publisher":{"@id":"https:\/\/cascamorras.org\/#\/schema\/person\/f6feb02bbb20c240a3989c4d29108235"},"potentialAction":[{"@type":"SearchAction","target":{"@type":"EntryPoint","urlTemplate":"https:\/\/cascamorras.org\/?s={search_term_string}"},"query-input":{"@type":"PropertyValueSpecification","valueRequired":true,"valueName":"search_term_string"}}],"inLanguage":"en-US"},{"@type":["Person","Organization"],"@id":"https:\/\/cascamorras.org\/#\/schema\/person\/f6feb02bbb20c240a3989c4d29108235","name":"SANTI VALERO SANCHEZ","image":{"@type":"ImageObject","inLanguage":"en-US","@id":"https:\/\/cascamorras.org\/#\/schema\/person\/image\/","url":"https:\/\/cascamorras.org\/wp-content\/uploads\/2025\/02\/Logo-Cueva-Cascamorras-positivo-scaled.jpg","contentUrl":"https:\/\/cascamorras.org\/wp-content\/uploads\/2025\/02\/Logo-Cueva-Cascamorras-positivo-scaled.jpg","width":2560,"height":2515,"caption":"SANTI VALERO SANCHEZ"},"logo":{"@id":"https:\/\/cascamorras.org\/#\/schema\/person\/image\/"}}]}},"uagb_featured_image_src":{"full":false,"thumbnail":false,"medium":false,"medium_large":false,"large":false,"1536x1536":false,"2048x2048":false,"trp-custom-language-flag":false},"uagb_author_info":{"display_name":"SANTI VALERO SANCHEZ","author_link":"https:\/\/cascamorras.org\/en\/author\/santi\/"},"uagb_comment_info":0,"uagb_excerpt":"Equipamiento Cada detalle est\u00e1 pensado para que vivas una experiencia que trascienda lo ordinario. Queremos que sientas la magia de un lugar \u00fanico mientras disfrutas de la tranquilidad, el confort y la autenticidad que ofrecemos.Hemos dise\u00f1ado cuidadosamente una selecci\u00f3n de servicios que combinan comodidad, modernidad y un toque especial para hacerte sentir verdaderamente a gusto.&hellip;","_links":{"self":[{"href":"https:\/\/cascamorras.org\/en\/wp-json\/wp\/v2\/pages\/14","targetHints":{"allow":["GET"]}}],"collection":[{"href":"https:\/\/cascamorras.org\/en\/wp-json\/wp\/v2\/pages"}],"about":[{"href":"https:\/\/cascamorras.org\/en\/wp-json\/wp\/v2\/types\/page"}],"author":[{"embeddable":true,"href":"https:\/\/cascamorras.org\/en\/wp-json\/wp\/v2\/users\/5"}],"replies":[{"embeddable":true,"href":"https:\/\/cascamorras.org\/en\/wp-json\/wp\/v2\/comments?post=14"}],"version-history":[{"count":20,"href":"https:\/\/cascamorras.org\/en\/wp-json\/wp\/v2\/pages\/14\/revisions"}],"predecessor-version":[{"id":3976,"href":"https:\/\/cascamorras.org\/en\/wp-json\/wp\/v2\/pages\/14\/revisions\/3976"}],"wp:attachment":[{"href":"https:\/\/cascamorras.org\/en\/wp-json\/wp\/v2\/media?parent=14"}],"curies":[{"name":"wp","href":"https:\/\/api.w.org\/{rel}","templated":true}]}}