{"id":2477,"date":"2024-11-24T18:29:13","date_gmt":"2024-11-24T18:29:13","guid":{"rendered":"https:\/\/cuevacascamorras.com\/?page_id=2477"},"modified":"2025-02-06T22:49:13","modified_gmt":"2025-02-06T21:49:13","slug":"entorno-cueva-cascamorras","status":"publish","type":"page","link":"https:\/\/cascamorras.org\/en\/entorno-cueva-cascamorras\/","title":{"rendered":"Around"},"content":{"rendered":"<div class=\"wp-block-uagb-container uagb-block-ad39d8c1 alignfull uagb-is-root-container\">\n<div class=\"wp-block-uagb-info-box uagb-block-0eab1ec7 uagb-infobox__content-wrap  uagb-infobox-icon-above-title uagb-infobox-image-valign-top\"><div class=\"uagb-ifb-content\"><div class=\"uagb-ifb-title-wrap\"><span class=\"uagb-ifb-title-prefix\">Siente el paisaje, descubre los monumentos de la Naturaleza<\/span><h1 class=\"uagb-ifb-title\">Experiencias que conectan con el alma del lugar.<\/h1><\/div><\/div><\/div>\n<\/div>\n\n\n\n<div class=\"wp-block-uagb-container uagb-block-349e9a96 alignfull uagb-is-root-container\"><div class=\"uagb-container-inner-blocks-wrap\">\n<div class=\"wp-block-uagb-container uagb-block-975bf1b0 alignfull uagb-is-root-container\"><div class=\"uagb-container-inner-blocks-wrap\">\n<div class=\"wp-block-uagb-container uagb-block-0ae9fe58\">\n<div class=\"wp-block-uagb-info-box uagb-block-7dd8563d uagb-infobox__content-wrap  uagb-infobox-icon-above-title uagb-infobox-image-valign-top\"><div class=\"uagb-ifb-content\"><div class=\"uagb-ifb-title-wrap\"><h3 class=\"uagb-ifb-title\">Actividades: \u00bfQu\u00e9 ver, qu\u00e9 hacer?<\/h3><\/div><p class=\"uagb-ifb-desc\"><strong>\u00a1Descubre las actividades m\u00e1s emocionantes en el Entorno de Cueva Cascamorras!<\/strong><br>Explorar los alrededores de\u00a0<strong>Cascamorras Cave<\/strong>\u00a0es adentrarse en un territorio donde la\u00a0<strong>naturaleza<\/strong>, la\u00a0<strong>historia<\/strong>\u00a0y la\u00a0<strong>cultura\u00a0<\/strong>se funden en una experiencia \u00fanica. Desde rutas naturales espectaculares hasta monumentos hist\u00f3ricos y festividades tradicionales, aqu\u00ed encontrar\u00e1s opciones para todos los gustos, ya sea para una escapada en familia, una aventura en solitario o una visita cultural.<\/p><div class=\"uagb-ifb-button-wrapper wp-block-button\"><a href=\"https:\/\/cascamorras.org\/en\/entorno-cueva-cascamorras\/actividades-cueva-cascamorras\/\" class=\"uagb-infobox-cta-link wp-block-button__link\" target=\"_self\" rel=\"noopener noreferrer\" onclick=\"return true;\"><span class=\"uagb-inline-editing\">Leer m\u00e1s<\/span><\/a><\/div><\/div><\/div>\n<\/div>\n\n\n\n<div class=\"wp-block-uagb-container uagb-block-9d54982e\">\n<div class=\"wp-block-uagb-image aligncenter uagb-block-624396fe wp-block-uagb-image--layout-default wp-block-uagb-image--effect-static wp-block-uagb-image--align-center\"><figure class=\"wp-block-uagb-image__figure\"><img loading=\"lazy\" decoding=\"async\" srcset=\"https:\/\/cascamorras.org\/wp-content\/uploads\/2024\/12\/Placeta-Cueva-Cascamorras-6-1024x576.jpg ,https:\/\/cascamorras.org\/wp-content\/uploads\/2024\/12\/Placeta-Cueva-Cascamorras-6.jpg 780w, https:\/\/cascamorras.org\/wp-content\/uploads\/2024\/12\/Placeta-Cueva-Cascamorras-6.jpg 360w\" sizes=\"auto, (max-width: 480px) 150px\" src=\"https:\/\/cascamorras.org\/wp-content\/uploads\/2024\/12\/Placeta-Cueva-Cascamorras-6-1024x576.jpg\" alt=\"\" class=\"uag-image-2747\" width=\"560\" height=\"388\" title=\"Placeta Cueva Cascamorras 6\" role=\"img\"\/><\/figure><\/div>\n<\/div>\n<\/div><\/div>\n\n\n\n<div class=\"wp-block-uagb-container uagb-block-777f10e4 alignfull uagb-is-root-container\"><div class=\"uagb-container-inner-blocks-wrap\">\n<div class=\"wp-block-uagb-container uagb-block-bb2f3443\">\n<div class=\"wp-block-uagb-info-box uagb-block-52493572 uagb-infobox__content-wrap  uagb-infobox-icon-above-title uagb-infobox-image-valign-top\"><div class=\"uagb-ifb-content\"><div class=\"uagb-ifb-title-wrap\"><h3 class=\"uagb-ifb-title\">Book activities online<\/h3><\/div><p class=\"uagb-ifb-desc\">Participa en actividades que te acercan a los secretos de la regi\u00f3n y su rica herencia cultural<\/p><div class=\"uagb-ifb-button-wrapper wp-block-button\"><a href=\"https:\/\/cascamorras.org\/en\/entorno-cueva-cascamorras\/reserva-actividades-online-cueva-cascamorras\/\" class=\"uagb-infobox-cta-link wp-block-button__link\" target=\"_self\" rel=\"noopener noreferrer\" onclick=\"return true;\"><span class=\"uagb-inline-editing\">Leer m\u00e1s<\/span><\/a><\/div><\/div><\/div>\n<\/div>\n\n\n\n<div class=\"wp-block-uagb-container uagb-block-90cbc592\">\n<div class=\"wp-block-uagb-image alignleft uagb-block-32253c24 wp-block-uagb-image--layout-default wp-block-uagb-image--effect-static wp-block-uagb-image--align-left\"><figure class=\"wp-block-uagb-image__figure\"><img loading=\"lazy\" decoding=\"async\" srcset=\"https:\/\/cascamorras.org\/wp-content\/uploads\/2024\/12\/20-21-SANTIAGO-VALERO-SANCHEZ-1024x478.webp ,https:\/\/cascamorras.org\/wp-content\/uploads\/2024\/12\/20-21-SANTIAGO-VALERO-SANCHEZ-scaled.webp 780w, https:\/\/cascamorras.org\/wp-content\/uploads\/2024\/12\/20-21-SANTIAGO-VALERO-SANCHEZ-scaled.webp 360w\" sizes=\"auto, (max-width: 480px) 150px\" src=\"https:\/\/cascamorras.org\/wp-content\/uploads\/2024\/12\/20-21-SANTIAGO-VALERO-SANCHEZ-1024x478.webp\" alt=\"\" class=\"uag-image-2622\" width=\"560\" height=\"388\" title=\"20 21 SANTIAGO VALERO SANCHEZ\" role=\"img\"\/><\/figure><\/div>\n<\/div>\n<\/div><\/div>\n\n\n\n<div class=\"wp-block-uagb-container uagb-block-fa1f3f6a alignfull uagb-is-root-container\"><div class=\"uagb-container-inner-blocks-wrap\">\n<div class=\"wp-block-uagb-container uagb-block-4cd69c80\">\n<div class=\"wp-block-uagb-info-box uagb-block-1d1b932d uagb-infobox__content-wrap  uagb-infobox-icon-above-title uagb-infobox-image-valign-top\"><div class=\"uagb-ifb-content\"><div class=\"uagb-ifb-title-wrap\"><h3 class=\"uagb-ifb-title\">Nearby gastronomy<\/h3><\/div><p class=\"uagb-ifb-desc\"><strong>\u00a1El secreto de la cocina local, revelado!<\/strong><br>Descubre el sabor de la regi\u00f3n en nuestra secci\u00f3n de Gastronom\u00eda. Aqu\u00ed te presentamos una gu\u00eda completa y cercana que re\u00fane lo mejor de la cocina local: desde vinos del pa\u00eds y bodegas con identidad, hasta bares de tapeo, restaurantes con men\u00fas tradicionales y propuestas gourmet, pasando por pizzer\u00edas, helader\u00edas, cafeter\u00edas y locales de comida para llevar. Cada opci\u00f3n est\u00e1 cuidadosamente seleccionada y detallada con direcci\u00f3n, tel\u00e9fono, correo y enlaces para que puedas planificar tu ruta culinaria en el coraz\u00f3n de la comarca de Baza y sus alrededores, a menos de 100 km de Cueva Cascamorras. \u00a1Sum\u00e9rgete en los sabores aut\u00e9nticos, disfruta de platos que cuentan historias y vive una experiencia gastron\u00f3mica inolvidable en un entorno lleno de tradici\u00f3n y modernidad!<\/p><div class=\"uagb-ifb-button-wrapper wp-block-button\"><a href=\"https:\/\/cascamorras.org\/en\/entorno-cueva-cascamorras\/gastronomia-cercana-cueva-cascamorras\/\" class=\"uagb-infobox-cta-link wp-block-button__link\" target=\"_self\" rel=\"noopener noreferrer\" onclick=\"return true;\"><span class=\"uagb-inline-editing\">Leer m\u00e1s<\/span><\/a><\/div><\/div><\/div>\n<\/div>\n\n\n\n<div class=\"wp-block-uagb-container uagb-block-2b59fd93\">\n<div class=\"wp-block-uagb-image alignright uagb-block-8cadac95 wp-block-uagb-image--layout-default wp-block-uagb-image--effect-static wp-block-uagb-image--align-right\"><figure class=\"wp-block-uagb-image__figure\"><img loading=\"lazy\" decoding=\"async\" srcset=\"https:\/\/cascamorras.org\/wp-content\/uploads\/2025\/01\/20250103_161347-1024x478.jpg ,https:\/\/cascamorras.org\/wp-content\/uploads\/2025\/01\/20250103_161347-scaled.jpg 780w, https:\/\/cascamorras.org\/wp-content\/uploads\/2025\/01\/20250103_161347-scaled.jpg 360w\" sizes=\"auto, (max-width: 480px) 150px\" src=\"https:\/\/cascamorras.org\/wp-content\/uploads\/2025\/01\/20250103_161347-1024x478.jpg\" alt=\"\" class=\"uag-image-3047\" width=\"560\" height=\"388\" title=\"20250103_161347\" role=\"img\"\/><\/figure><\/div>\n<\/div>\n<\/div><\/div>\n\n\n\n<div class=\"wp-block-uagb-container uagb-block-037ca53a alignfull uagb-is-root-container\"><div class=\"uagb-container-inner-blocks-wrap\">\n<div class=\"wp-block-uagb-container uagb-block-d5cd5ff2\">\n<div class=\"wp-block-uagb-info-box uagb-block-ebf41a4d uagb-infobox__content-wrap  uagb-infobox-icon-above-title uagb-infobox-image-valign-top\"><div class=\"uagb-ifb-content\"><div class=\"uagb-ifb-title-wrap\"><h3 class=\"uagb-ifb-title\">Transporte como llegar a la cueva Cascamorras<\/h3><\/div><p class=\"uagb-ifb-desc\"><strong>\u00a1Tu viaje comienza aqu\u00ed:\u00a0conectando horizontes, con rumbo al encanto!<\/strong><br>Le presentamos una gu\u00eda estructurada y cercana para el apartado \u00abTransporte\u00bb de la web de Cueva Cascamorras. Esta informaci\u00f3n, condensada y amigable, te ayudar\u00e1 a planificar c\u00f3mo llegar a la cueva (ubicada en Barrio Perchel, Pol\u00edgono 13, Parcela 359, 18800 Baza, Granada) desde diversos puntos y mediante distintos medios de transporte<strong>.<\/strong><\/p><div class=\"uagb-ifb-button-wrapper wp-block-button\"><a href=\"https:\/\/cascamorras.org\/en\/entorno-cueva-cascamorras\/transporte-como-llegar-cueva-cascamorras\/\" class=\"uagb-infobox-cta-link wp-block-button__link\" target=\"_self\" rel=\"noopener noreferrer\" onclick=\"return true;\"><span class=\"uagb-inline-editing\">Leer m\u00e1s<\/span><\/a><\/div><\/div><\/div>\n<\/div>\n\n\n\n<div class=\"wp-block-uagb-container uagb-block-03e145d5\">\n<div class=\"wp-block-uagb-image alignleft uagb-block-8ecf4768 wp-block-uagb-image--layout-default wp-block-uagb-image--effect-static wp-block-uagb-image--align-left\"><figure class=\"wp-block-uagb-image__figure\"><img loading=\"lazy\" decoding=\"async\" srcset=\"https:\/\/cascamorras.org\/wp-content\/uploads\/2024\/12\/Cascamorras-Sonia-munoz-15-1024x819.png ,https:\/\/cascamorras.org\/wp-content\/uploads\/2024\/12\/Cascamorras-Sonia-munoz-15.png 780w, https:\/\/cascamorras.org\/wp-content\/uploads\/2024\/12\/Cascamorras-Sonia-munoz-15.png 360w\" sizes=\"auto, (max-width: 480px) 150px\" src=\"https:\/\/cascamorras.org\/wp-content\/uploads\/2024\/12\/Cascamorras-Sonia-munoz-15-1024x819.png\" alt=\"Transporte Cueva Cascamorras\" class=\"uag-image-2739\" width=\"560\" height=\"388\" title=\"Transporte Cueva Cascamorras\" role=\"img\"\/><\/figure><\/div>\n<\/div>\n<\/div><\/div>\n<\/div><\/div>\n\n\n\n<div class=\"wp-block-uagb-container uagb-block-625fb0d3 alignfull uagb-is-root-container\"><div class=\"uagb-container-inner-blocks-wrap\">\n<div class=\"wp-block-uagb-info-box uagb-block-bff49d32 uagb-infobox__content-wrap  uagb-infobox-icon-above-title uagb-infobox-image-valign-top\"><div class=\"uagb-ifb-content\"><div class=\"uagb-ifb-title-wrap\"><span class=\"uagb-ifb-title-prefix\">Exclusive discount! <\/span><h2 class=\"uagb-ifb-title\">Exclusive discount!\nTake advantage of 15% off your next mid-stay booking and<br> Exclusive discount!\nTake advantage of 15% off your next mid-stay booking and<\/h2><\/div><\/div><\/div>\n\n\n\n<div class=\"wp-block-uagb-info-box uagb-block-ddde12bb uagb-infobox__content-wrap  uagb-infobox-icon-above-title uagb-infobox-image-valign-top\"><div class=\"uagb-ifb-content\"><div class=\"uagb-ifb-title-wrap\"><span class=\"uagb-ifb-title-prefix\"> Don't miss it!<\/span><h2 class=\"uagb-ifb-title\">for a limited time only! <\/h2><\/div><\/div><\/div>\n<\/div><\/div>","protected":false},"excerpt":{"rendered":"","protected":false},"author":5,"featured_media":0,"parent":0,"menu_order":7,"comment_status":"closed","ping_status":"closed","template":"","meta":{"_surecart_dashboard_logo_width":"180px","_surecart_dashboard_show_logo":true,"_surecart_dashboard_navigation_orders":true,"_surecart_dashboard_navigation_invoices":true,"_surecart_dashboard_navigation_subscriptions":true,"_surecart_dashboard_navigation_downloads":true,"_surecart_dashboard_navigation_billing":true,"_surecart_dashboard_navigation_account":true,"_uag_custom_page_level_css":"","site-sidebar-layout":"no-sidebar","site-content-layout":"","ast-site-content-layout":"normal-width-container","site-content-style":"default","site-sidebar-style":"default","ast-global-header-display":"","ast-banner-title-visibility":"disabled","ast-main-header-display":"","ast-hfb-above-header-display":"","ast-hfb-below-header-display":"","ast-hfb-mobile-header-display":"","site-post-title":"disabled","ast-breadcrumbs-content":"","ast-featured-img":"","footer-sml-layout":"","theme-transparent-header-meta":"enabled","adv-header-id-meta":"","stick-header-meta":"","header-above-stick-meta":"","header-main-stick-meta":"","header-below-stick-meta":"","astra-migrate-meta-layouts":"","ast-page-background-enabled":"default","ast-page-background-meta":{"desktop":{"background-color":"var(--ast-global-color-4)","background-image":"","background-repeat":"repeat","background-position":"center center","background-size":"auto","background-attachment":"scroll","background-type":"","background-media":"","overlay-type":"","overlay-color":"","overlay-opacity":"","overlay-gradient":""},"tablet":{"background-color":"","background-image":"","background-repeat":"repeat","background-position":"center center","background-size":"auto","background-attachment":"scroll","background-type":"","background-media":"","overlay-type":"","overlay-color":"","overlay-opacity":"","overlay-gradient":""},"mobile":{"background-color":"","background-image":"","background-repeat":"repeat","background-position":"center center","background-size":"auto","background-attachment":"scroll","background-type":"","background-media":"","overlay-type":"","overlay-color":"","overlay-opacity":"","overlay-gradient":""}},"ast-content-background-meta":{"desktop":{"background-color":"var(--ast-global-color-5)","background-image":"","background-repeat":"repeat","background-position":"center center","background-size":"auto","background-attachment":"scroll","background-type":"","background-media":"","overlay-type":"","overlay-color":"","overlay-opacity":"","overlay-gradient":""},"tablet":{"background-color":"var(--ast-global-color-5)","background-image":"","background-repeat":"repeat","background-position":"center center","background-size":"auto","background-attachment":"scroll","background-type":"","background-media":"","overlay-type":"","overlay-color":"","overlay-opacity":"","overlay-gradient":""},"mobile":{"background-color":"var(--ast-global-color-5)","background-image":"","background-repeat":"repeat","background-position":"center center","background-size":"auto","background-attachment":"scroll","background-type":"","background-media":"","overlay-type":"","overlay-color":"","overlay-opacity":"","overlay-gradient":""}},"ngg_post_thumbnail":0,"footnotes":""},"class_list":["post-2477","page","type-page","status-publish","hentry"],"yoast_head":"<!-- This site is optimized with the Yoast SEO plugin v25.1 - https:\/\/yoast.com\/wordpress\/plugins\/seo\/ -->\n<title>Entorno - CUEVA CASCAMORRAS<\/title>\n<meta name=\"robots\" content=\"index, follow, max-snippet:-1, max-image-preview:large, max-video-preview:-1\" \/>\n<link rel=\"canonical\" href=\"https:\/\/cascamorras.org\/en\/entorno-cueva-cascamorras\/\" \/>\n<meta property=\"og:locale\" content=\"en_US\" \/>\n<meta property=\"og:type\" content=\"article\" \/>\n<meta property=\"og:title\" content=\"Entorno - CUEVA CASCAMORRAS\" \/>\n<meta property=\"og:url\" content=\"https:\/\/cascamorras.org\/en\/entorno-cueva-cascamorras\/\" \/>\n<meta property=\"og:site_name\" content=\"CUEVA CASCAMORRAS\" \/>\n<meta property=\"article:modified_time\" content=\"2025-02-06T21:49:13+00:00\" \/>\n<meta property=\"og:image\" content=\"https:\/\/cascamorras.org\/wp-content\/uploads\/2024\/12\/Placeta-Cueva-Cascamorras-6-1024x576.jpg\" \/>\n<meta name=\"twitter:card\" content=\"summary_large_image\" \/>\n<meta name=\"twitter:label1\" content=\"Est. reading time\" \/>\n\t<meta name=\"twitter:data1\" content=\"2 minutes\" \/>\n<script type=\"application\/ld+json\" class=\"yoast-schema-graph\">{\"@context\":\"https:\/\/schema.org\",\"@graph\":[{\"@type\":\"WebPage\",\"@id\":\"https:\/\/cascamorras.org\/entorno-cueva-cascamorras\/\",\"url\":\"https:\/\/cascamorras.org\/entorno-cueva-cascamorras\/\",\"name\":\"Entorno - CUEVA CASCAMORRAS\",\"isPartOf\":{\"@id\":\"https:\/\/cascamorras.org\/#website\"},\"primaryImageOfPage\":{\"@id\":\"https:\/\/cascamorras.org\/entorno-cueva-cascamorras\/#primaryimage\"},\"image\":{\"@id\":\"https:\/\/cascamorras.org\/entorno-cueva-cascamorras\/#primaryimage\"},\"thumbnailUrl\":\"https:\/\/cascamorras.org\/wp-content\/uploads\/2024\/12\/Placeta-Cueva-Cascamorras-6-1024x576.jpg\",\"datePublished\":\"2024-11-24T18:29:13+00:00\",\"dateModified\":\"2025-02-06T21:49:13+00:00\",\"breadcrumb\":{\"@id\":\"https:\/\/cascamorras.org\/entorno-cueva-cascamorras\/#breadcrumb\"},\"inLanguage\":\"en-US\",\"potentialAction\":[{\"@type\":\"ReadAction\",\"target\":[\"https:\/\/cascamorras.org\/entorno-cueva-cascamorras\/\"]}]},{\"@type\":\"ImageObject\",\"inLanguage\":\"en-US\",\"@id\":\"https:\/\/cascamorras.org\/entorno-cueva-cascamorras\/#primaryimage\",\"url\":\"https:\/\/cascamorras.org\/wp-content\/uploads\/2024\/12\/Placeta-Cueva-Cascamorras-6-1024x576.jpg\",\"contentUrl\":\"https:\/\/cascamorras.org\/wp-content\/uploads\/2024\/12\/Placeta-Cueva-Cascamorras-6-1024x576.jpg\"},{\"@type\":\"BreadcrumbList\",\"@id\":\"https:\/\/cascamorras.org\/entorno-cueva-cascamorras\/#breadcrumb\",\"itemListElement\":[{\"@type\":\"ListItem\",\"position\":1,\"name\":\"Portada\",\"item\":\"https:\/\/cascamorras.org\/\"},{\"@type\":\"ListItem\",\"position\":2,\"name\":\"Entorno\"}]},{\"@type\":\"WebSite\",\"@id\":\"https:\/\/cascamorras.org\/#website\",\"url\":\"https:\/\/cascamorras.org\/\",\"name\":\"CUEVA CASCAMORRAS\",\"description\":\"Cueva Cascamorras es un alojamiento rural \u00fanico en Baza (Granada), donde historia y confort se fusionan. Vive la magia de dormir en una cueva aut\u00e9ntica con todas las comodidades. \u00a1Un refugio lleno de encanto!\",\"publisher\":{\"@id\":\"https:\/\/cascamorras.org\/#\/schema\/person\/f6feb02bbb20c240a3989c4d29108235\"},\"potentialAction\":[{\"@type\":\"SearchAction\",\"target\":{\"@type\":\"EntryPoint\",\"urlTemplate\":\"https:\/\/cascamorras.org\/?s={search_term_string}\"},\"query-input\":{\"@type\":\"PropertyValueSpecification\",\"valueRequired\":true,\"valueName\":\"search_term_string\"}}],\"inLanguage\":\"en-US\"},{\"@type\":[\"Person\",\"Organization\"],\"@id\":\"https:\/\/cascamorras.org\/#\/schema\/person\/f6feb02bbb20c240a3989c4d29108235\",\"name\":\"SANTI VALERO SANCHEZ\",\"image\":{\"@type\":\"ImageObject\",\"inLanguage\":\"en-US\",\"@id\":\"https:\/\/cascamorras.org\/#\/schema\/person\/image\/\",\"url\":\"https:\/\/cascamorras.org\/wp-content\/uploads\/2025\/02\/Logo-Cueva-Cascamorras-positivo-scaled.jpg\",\"contentUrl\":\"https:\/\/cascamorras.org\/wp-content\/uploads\/2025\/02\/Logo-Cueva-Cascamorras-positivo-scaled.jpg\",\"width\":2560,\"height\":2515,\"caption\":\"SANTI VALERO SANCHEZ\"},\"logo\":{\"@id\":\"https:\/\/cascamorras.org\/#\/schema\/person\/image\/\"}}]}<\/script>\n<!-- \/ Yoast SEO plugin. -->","yoast_head_json":{"title":"Entorno - CUEVA CASCAMORRAS","robots":{"index":"index","follow":"follow","max-snippet":"max-snippet:-1","max-image-preview":"max-image-preview:large","max-video-preview":"max-video-preview:-1"},"canonical":"https:\/\/cascamorras.org\/en\/entorno-cueva-cascamorras\/","og_locale":"en_US","og_type":"article","og_title":"Entorno - CUEVA CASCAMORRAS","og_url":"https:\/\/cascamorras.org\/en\/entorno-cueva-cascamorras\/","og_site_name":"CUEVA CASCAMORRAS","article_modified_time":"2025-02-06T21:49:13+00:00","og_image":[{"url":"https:\/\/cascamorras.org\/wp-content\/uploads\/2024\/12\/Placeta-Cueva-Cascamorras-6-1024x576.jpg","type":"","width":"","height":""}],"twitter_card":"summary_large_image","twitter_misc":{"Est. reading time":"2 minutes"},"schema":{"@context":"https:\/\/schema.org","@graph":[{"@type":"WebPage","@id":"https:\/\/cascamorras.org\/entorno-cueva-cascamorras\/","url":"https:\/\/cascamorras.org\/entorno-cueva-cascamorras\/","name":"Entorno - CUEVA CASCAMORRAS","isPartOf":{"@id":"https:\/\/cascamorras.org\/#website"},"primaryImageOfPage":{"@id":"https:\/\/cascamorras.org\/entorno-cueva-cascamorras\/#primaryimage"},"image":{"@id":"https:\/\/cascamorras.org\/entorno-cueva-cascamorras\/#primaryimage"},"thumbnailUrl":"https:\/\/cascamorras.org\/wp-content\/uploads\/2024\/12\/Placeta-Cueva-Cascamorras-6-1024x576.jpg","datePublished":"2024-11-24T18:29:13+00:00","dateModified":"2025-02-06T21:49:13+00:00","breadcrumb":{"@id":"https:\/\/cascamorras.org\/entorno-cueva-cascamorras\/#breadcrumb"},"inLanguage":"en-US","potentialAction":[{"@type":"ReadAction","target":["https:\/\/cascamorras.org\/entorno-cueva-cascamorras\/"]}]},{"@type":"ImageObject","inLanguage":"en-US","@id":"https:\/\/cascamorras.org\/entorno-cueva-cascamorras\/#primaryimage","url":"https:\/\/cascamorras.org\/wp-content\/uploads\/2024\/12\/Placeta-Cueva-Cascamorras-6-1024x576.jpg","contentUrl":"https:\/\/cascamorras.org\/wp-content\/uploads\/2024\/12\/Placeta-Cueva-Cascamorras-6-1024x576.jpg"},{"@type":"BreadcrumbList","@id":"https:\/\/cascamorras.org\/entorno-cueva-cascamorras\/#breadcrumb","itemListElement":[{"@type":"ListItem","position":1,"name":"Portada","item":"https:\/\/cascamorras.org\/"},{"@type":"ListItem","position":2,"name":"Entorno"}]},{"@type":"WebSite","@id":"https:\/\/cascamorras.org\/#website","url":"https:\/\/cascamorras.org\/","name":"CUEVA CASCAMORRAS","description":"Cueva Cascamorras es un alojamiento rural \u00fanico en Baza (Granada), donde historia y confort se fusionan. Vive la magia de dormir en una cueva aut\u00e9ntica con todas las comodidades. \u00a1Un refugio lleno de encanto!","publisher":{"@id":"https:\/\/cascamorras.org\/#\/schema\/person\/f6feb02bbb20c240a3989c4d29108235"},"potentialAction":[{"@type":"SearchAction","target":{"@type":"EntryPoint","urlTemplate":"https:\/\/cascamorras.org\/?s={search_term_string}"},"query-input":{"@type":"PropertyValueSpecification","valueRequired":true,"valueName":"search_term_string"}}],"inLanguage":"en-US"},{"@type":["Person","Organization"],"@id":"https:\/\/cascamorras.org\/#\/schema\/person\/f6feb02bbb20c240a3989c4d29108235","name":"SANTI VALERO SANCHEZ","image":{"@type":"ImageObject","inLanguage":"en-US","@id":"https:\/\/cascamorras.org\/#\/schema\/person\/image\/","url":"https:\/\/cascamorras.org\/wp-content\/uploads\/2025\/02\/Logo-Cueva-Cascamorras-positivo-scaled.jpg","contentUrl":"https:\/\/cascamorras.org\/wp-content\/uploads\/2025\/02\/Logo-Cueva-Cascamorras-positivo-scaled.jpg","width":2560,"height":2515,"caption":"SANTI VALERO SANCHEZ"},"logo":{"@id":"https:\/\/cascamorras.org\/#\/schema\/person\/image\/"}}]}},"uagb_featured_image_src":{"full":false,"thumbnail":false,"medium":false,"medium_large":false,"large":false,"1536x1536":false,"2048x2048":false,"trp-custom-language-flag":false},"uagb_author_info":{"display_name":"SANTI VALERO SANCHEZ","author_link":"https:\/\/cascamorras.org\/en\/author\/santi\/"},"uagb_comment_info":0,"uagb_excerpt":null,"_links":{"self":[{"href":"https:\/\/cascamorras.org\/en\/wp-json\/wp\/v2\/pages\/2477","targetHints":{"allow":["GET"]}}],"collection":[{"href":"https:\/\/cascamorras.org\/en\/wp-json\/wp\/v2\/pages"}],"about":[{"href":"https:\/\/cascamorras.org\/en\/wp-json\/wp\/v2\/types\/page"}],"author":[{"embeddable":true,"href":"https:\/\/cascamorras.org\/en\/wp-json\/wp\/v2\/users\/5"}],"replies":[{"embeddable":true,"href":"https:\/\/cascamorras.org\/en\/wp-json\/wp\/v2\/comments?post=2477"}],"version-history":[{"count":11,"href":"https:\/\/cascamorras.org\/en\/wp-json\/wp\/v2\/pages\/2477\/revisions"}],"predecessor-version":[{"id":3913,"href":"https:\/\/cascamorras.org\/en\/wp-json\/wp\/v2\/pages\/2477\/revisions\/3913"}],"wp:attachment":[{"href":"https:\/\/cascamorras.org\/en\/wp-json\/wp\/v2\/media?parent=2477"}],"curies":[{"name":"wp","href":"https:\/\/api.w.org\/{rel}","templated":true}]}}