{"id":2492,"date":"2024-11-24T18:48:18","date_gmt":"2024-11-24T18:48:18","guid":{"rendered":"https:\/\/cuevacascamorras.com\/?page_id=2492"},"modified":"2025-03-04T14:30:30","modified_gmt":"2025-03-04T13:30:30","slug":"preguntas-cueva-cascamorras","status":"publish","type":"page","link":"https:\/\/cascamorras.org\/en\/preguntas-cueva-cascamorras\/","title":{"rendered":"FAQ"},"content":{"rendered":"<div class=\"wp-block-uagb-container uagb-block-ad39d8c1 alignfull uagb-is-root-container\">\n<div class=\"wp-block-uagb-info-box uagb-block-0eab1ec7 uagb-infobox__content-wrap  uagb-infobox-icon-above-title uagb-infobox-image-valign-top\"><div class=\"uagb-ifb-content\"><div class=\"uagb-ifb-title-wrap\"><span class=\"uagb-ifb-title-prefix\">Preguntas frecuentes<\/span><h1 class=\"uagb-ifb-title\">Descubre la esencia<br> de un refugio \u00fanico en Baza<\/h1><\/div><\/div><\/div>\n<\/div>\n\n\n\n<div class=\"wp-block-uagb-container uagb-block-a6495e1e alignfull uagb-is-root-container\"><div class=\"uagb-container-inner-blocks-wrap\">\n<div class=\"wp-block-uagb-info-box uagb-block-cd1cba78 uagb-infobox__content-wrap  uagb-infobox-icon-above-title uagb-infobox-image-valign-top\"><div class=\"uagb-ifb-content\"><div class=\"uagb-ifb-title-wrap\"><span class=\"uagb-ifb-title-prefix\">\u00bfCavern\u00edcola o cuevero?<\/span><h2 class=\"uagb-ifb-title\">Aqu\u00ed te respondemos, con un toque cavern\u00edcola y buen humor, a las preguntas m\u00e1s frecuentes sobre nuestro alojamiento troglodita. \u00a1Esperamos que te sientas como en casa\u2026 o mejor dicho, como en cueva!&nbsp;<\/h2><\/div><\/div><\/div>\n<\/div><\/div>\n\n\n\n<div class=\"wp-block-uagb-container uagb-block-421a423e alignfull uagb-is-root-container\"><div class=\"uagb-container-inner-blocks-wrap\">\n<div class=\"wp-block-uagb-info-box uagb-block-ebadaf87 uagb-infobox__content-wrap  uagb-infobox-icon-above-title uagb-infobox-image-valign-top\"><div class=\"uagb-ifb-content\"><div class=\"uagb-ifb-title-wrap\"><h2 class=\"uagb-ifb-title\">Instalaciones y comodidades.<\/h2><\/div><\/div><\/div>\n\n\n\n<div class=\"wp-block-uagb-container uagb-block-c8b3938c\">\n<div class=\"wp-block-uagb-container uagb-block-6ed12ee3\">\n<div class=\"wp-block-uagb-advanced-heading uagb-block-d68495ee\"><h3 class=\"uagb-heading-text\">\u00bfDisponen de piscina privada?<\/h3><\/div>\n\n\n\n<p>\u00a1Por supuesto! Una piscina perfecta para sumergirte como un aut\u00e9ntico \u00abhombre o mujer de las cavernas\u00bb, pero con estilo.<\/p>\n\n\n\n<div class=\"wp-block-uagb-advanced-heading uagb-block-0c3b984e\"><h3 class=\"uagb-heading-text\">\u00bfExiste una temporada de piscina?<\/h3><\/div>\n\n\n\n<p>S\u00ed, cuando el sol aprieta y la naturaleza lo manda (primavera y verano aprox.), la piscina est\u00e1 abierta para que te refresques como si estuvieras en un oasis.&nbsp;<\/p>\n\n\n\n<div class=\"wp-block-uagb-advanced-heading uagb-block-349bc23f\"><h3 class=\"uagb-heading-text\">\u00bfEl recinto est\u00e1 cerrado?<\/h3><\/div>\n\n\n\n<p>Totalmente. Aqu\u00ed estar\u00e1s m\u00e1s protegido que un tesoro en una cueva.<\/p>\n\n\n\n<div class=\"wp-block-uagb-advanced-heading uagb-block-4ce0bde9\"><h3 class=\"uagb-heading-text\">\u00bfExiste alg\u00fan problema o dificultad de accesibilidad?<\/h3><\/div>\n\n\n\n<p>Nuestra cueva es c\u00f3moda y adaptada en la medida de lo posible, pero te recomendamos que nos consultes seg\u00fan tus necesidades espec\u00edficas (pr\u00e1cticamente es toda plana).&nbsp;<\/p>\n\n\n\n<div class=\"wp-block-uagb-advanced-heading uagb-block-9470fe10\"><h3 class=\"uagb-heading-text\">\u00bfHay barbacoa?&nbsp;<\/h3><\/div>\n\n\n\n<p>\u00a1Claro! En Cueva Cascamorras somos fans del fuego controlado. \u00a1Perfecto para asar como un buen cavern\u00edcola!&nbsp;<\/p>\n\n\n\n<div class=\"wp-block-uagb-advanced-heading uagb-block-3b93490e\"><h3 class=\"uagb-heading-text\">\u00bfSe permiten mascotas en la cueva? \u00bfY en el recinto?<\/h3><\/div>\n\n\n\n<p>Aceptamos mascotas bien portadas, pero solo en el recinto (no dentro de la cueva). Eso s\u00ed, dinos con tiempo si vienes con tu \u00abcavernimascota\u00bb y qu\u00e9 tipo es.<\/p>\n\n\n\n<div class=\"wp-block-uagb-advanced-heading uagb-block-0026108b\"><h3 class=\"uagb-heading-text\">\u00bfSe puede reservar la cueva por habitaciones?<\/h3><\/div>\n\n\n\n<p>Lo sentimos, aqu\u00ed no compartimos cueva con extra\u00f1os. La experiencia es completa y privada para ti y tu grupo.&nbsp;<\/p>\n<\/div>\n<\/div>\n<\/div><\/div>\n\n\n\n<div class=\"wp-block-uagb-container uagb-block-b3b438a8 alignfull uagb-is-root-container\">\n<div class=\"wp-block-group is-layout-constrained wp-block-group-is-layout-constrained\">\n<div class=\"wp-block-uagb-info-box uagb-block-871a49b8 uagb-infobox__content-wrap  uagb-infobox-icon-above-title uagb-infobox-image-valign-top\"><div class=\"uagb-ifb-content\"><div class=\"uagb-ifb-title-wrap\"><h2 class=\"uagb-ifb-title\">Reservas y procedimientos.<\/h2><\/div><\/div><\/div>\n<\/div>\n\n\n\n<div class=\"wp-block-uagb-container uagb-block-c11d1ef1\">\n<div class=\"wp-block-uagb-container uagb-block-98f953da\">\n<div class=\"wp-block-uagb-advanced-heading uagb-block-624f8443\"><h3 class=\"uagb-heading-text\">\u00bfC\u00f3mo se realiza el check-in?<\/h3><\/div>\n\n\n\n<p>Como buenos anfitriones, en la medida de lo posible, te recibiremos a la entrada de la cueva. Si no fuese posible, podr\u00eda ser completamente aut\u00f3noma, ya os daremos indicaciones al respecto. La hora de llegada habitual son las 15:00 h. pero si no hay un cuevero pernoctando anteriormente ajustamos contigo la entrada a tus necesidades.<\/p>\n\n\n\n<div class=\"wp-block-uagb-advanced-heading uagb-block-2f43fe7c\"><h3 class=\"uagb-heading-text\">\u00bfC\u00f3mo se realiza el check-out?<\/h3><\/div>\n\n\n\n<p>Despedidas r\u00e1pidas pero cordiales, sobre las 11:00 h.&nbsp; pero si no hay un cuevero que vaya a pernoctar ese d\u00eda, ajustamos contigo la salida a tus necesidades. Nos encargaremos de revisar que todo est\u00e9 en orden antes de que partas hacia nuevas aventuras.&nbsp;<\/p>\n\n\n\n<div class=\"wp-block-uagb-advanced-heading uagb-block-d40e0995\"><h3 class=\"uagb-heading-text\">\u00bfCu\u00e1l es la pol\u00edtica de cancelaci\u00f3n?<\/h3><\/div>\n\n\n\n<p>Flexibles, pero no tanto como un murci\u00e9lago. Gratuita si se cancela 7 d\u00edas antes de tu llegada, pero cons\u00faltanos seg\u00fan la fecha de tu reserva.&nbsp;<\/p>\n\n\n\n<div class=\"wp-block-uagb-advanced-heading uagb-block-0a559066\"><h3 class=\"uagb-heading-text\">\u00bfHay que depositar una fianza o dep\u00f3sito?<\/h3><\/div>\n\n\n\n<p>S\u00ed, pedimos 250\u20ac&nbsp; en dep\u00f3sito que te ser\u00e1 devuelto si la cueva queda tal como la encontraste, sin terremotos imprevistos. (Consultar dep\u00f3sito para estancias de media y larga duraci\u00f3n)<\/p>\n<\/div>\n<\/div>\n<\/div>\n\n\n\n<div class=\"wp-block-uagb-container uagb-block-7e91d9aa alignfull uagb-is-root-container\"><div class=\"uagb-container-inner-blocks-wrap\">\n<div class=\"wp-block-uagb-info-box uagb-block-309ff30e uagb-infobox__content-wrap  uagb-infobox-icon-above-title uagb-infobox-image-valign-top\"><div class=\"uagb-ifb-content\"><div class=\"uagb-ifb-title-wrap\"><h2 class=\"uagb-ifb-title\">Equipamiento de la cueva.<\/h2><\/div><\/div><\/div>\n\n\n\n<div class=\"wp-block-uagb-container uagb-block-95112d9c\">\n<div class=\"wp-block-uagb-container uagb-block-2b9d2adf\">\n<div class=\"wp-block-uagb-advanced-heading uagb-block-f2af974d\"><h3 class=\"uagb-heading-text\">\u00bfDisponen las cuevas de aire acondicionado?<\/h3><\/div>\n\n\n\n<p>\u00a1No hace falta! La cueva mantiene una temperatura fresquita en verano y calentita en invierno, como manda la naturaleza (Sobre 20\u00baC).&nbsp;<\/p>\n\n\n\n<div class=\"wp-block-uagb-advanced-heading uagb-block-9ed7251d\"><h3 class=\"uagb-heading-text\">\u00bfLa cueva dispone de ba\u00f1o privado o es comunitario?<\/h3><\/div>\n\n\n\n<p>La cueva tiene su ba\u00f1o privado. Aqu\u00ed no compartimos cuevas ni secretos.<\/p>\n\n\n\n<div class=\"wp-block-uagb-advanced-heading uagb-block-36fd5e9b\"><h3 class=\"uagb-heading-text\">\u00bfLas cuevas disponen de chimenea?&nbsp;<\/h3><\/div>\n\n\n\n<p>\u00a1Claro! El fuego nos acompa\u00f1a desde la prehistoria, y nuestra chimenea es perfecta para las noches frescas (\u00a1Atenci\u00f3n, tribu! \ud83d\udd25 La madera sagrada pa&#8217; hoguera no viene sola, hay que darle su ayudita extra 10\u20ac\/dia. T\u00fa traes tu chispita m\u00e1gica o tu truco ancestral, \u00a1como m\u00e1s te guste! Puede ser piedra contra piedra, soplido de drag\u00f3n o hasta magia de trueno (pero ojo, sin quemar la cueva entera, eh).&nbsp;<\/p>\n\n\n\n<div class=\"wp-block-uagb-advanced-heading uagb-block-d30db3cc\"><h3 class=\"uagb-heading-text\">\u00bfSe dispone de servicio de limpieza de habitaciones?&nbsp;<\/h3><\/div>\n\n\n\n<p>No, somos m\u00e1s conscientes de respetar tu privacidad cavern\u00edcola, pero te damos todo lo necesario para que la mantengas en orden.&nbsp;<\/p>\n\n\n\n<div class=\"wp-block-uagb-advanced-heading uagb-block-5aff9809\"><h3 class=\"uagb-heading-text\">\u00bfSe dispone de alg\u00fan tipo de cafetera?&nbsp;<\/h3><\/div>\n\n\n\n<p>S\u00ed, porque no hay cueva completa sin caf\u00e9 para empezar el d\u00eda con energ\u00eda troglodita (Dolce gusto).&nbsp;<\/p>\n\n\n\n<div class=\"wp-block-uagb-advanced-heading uagb-block-e81d04fc\"><h3 class=\"uagb-heading-text\">\u00bfSe dispone de aparcamiento gratuito?&nbsp;<\/h3><\/div>\n\n\n\n<p>Por supuesto, tu carro estar\u00e1 m\u00e1s seguro que un mamut en su h\u00e1bitat.&nbsp;<\/p>\n\n\n\n<div class=\"wp-block-uagb-advanced-heading uagb-block-acdb7aa8\"><h3 class=\"uagb-heading-text\">\u00bfSe dispone de restaurante o servicio de desayunos, comidas, etc.?&nbsp;<\/h3><\/div>\n\n\n\n<p>No contamos con restaurante, pero te orientaremos sobre los mejores lugares donde llenar tu est\u00f3mago de festines.&nbsp;<\/p>\n\n\n\n<div class=\"wp-block-uagb-advanced-heading uagb-block-34a1c2db\"><h3 class=\"uagb-heading-text\">\u00bfSe dispone de toallas y s\u00e1banas?&nbsp;&nbsp;<\/h3><\/div>\n\n\n\n<p>S\u00ed, no tendr\u00e1s que cazar telas por el bosque. Todo est\u00e1 incluido.&nbsp;&nbsp;<\/p>\n\n\n\n<div class=\"wp-block-uagb-advanced-heading uagb-block-5680bdb6\"><h3 class=\"uagb-heading-text\">\u00bfSe pueden realizar reservas de larga estancia?<\/h3><\/div>\n\n\n\n<p>\u00a1Claro! Para los que quieran vivir como trogloditas deluxe por m\u00e1s tiempo, somos todo o\u00eddos.<\/p>\n<\/div>\n<\/div>\n<\/div><\/div>\n\n\n\n<div class=\"wp-block-uagb-container uagb-block-625fb0d3 alignfull uagb-is-root-container\"><div class=\"uagb-container-inner-blocks-wrap\">\n<div class=\"wp-block-uagb-info-box uagb-block-bff49d32 uagb-infobox__content-wrap  uagb-infobox-icon-above-title uagb-infobox-image-valign-top\"><div class=\"uagb-ifb-content\"><div class=\"uagb-ifb-title-wrap\"><span class=\"uagb-ifb-title-prefix\">Exclusive discount! <\/span><h2 class=\"uagb-ifb-title\">Exclusive discount!\nTake advantage of 15% off your next mid-stay booking and<br> Exclusive discount!\nTake advantage of 15% off your next mid-stay booking and<\/h2><\/div><\/div><\/div>\n\n\n\n<div class=\"wp-block-uagb-info-box uagb-block-ddde12bb uagb-infobox__content-wrap  uagb-infobox-icon-above-title uagb-infobox-image-valign-top\"><div class=\"uagb-ifb-content\"><div class=\"uagb-ifb-title-wrap\"><span class=\"uagb-ifb-title-prefix\"> Don't miss it!<\/span><h2 class=\"uagb-ifb-title\">for a limited time only! <\/h2><\/div><\/div><\/div>\n<\/div><\/div>\n\n\n\n<p><\/p>","protected":false},"excerpt":{"rendered":"<p>\u00bfDisponen de piscina privada? \u00a1Por supuesto! Una piscina perfecta para sumergirte como un aut\u00e9ntico \u00abhombre o mujer de las cavernas\u00bb, pero con estilo. \u00bfExiste una temporada de piscina? S\u00ed, cuando el sol aprieta y la naturaleza lo manda (primavera y verano aprox.), la piscina est\u00e1 abierta para que te refresques como si estuvieras en un [&hellip;]<\/p>","protected":false},"author":5,"featured_media":0,"parent":0,"menu_order":19,"comment_status":"closed","ping_status":"closed","template":"","meta":{"_surecart_dashboard_logo_width":"180px","_surecart_dashboard_show_logo":true,"_surecart_dashboard_navigation_orders":true,"_surecart_dashboard_navigation_invoices":true,"_surecart_dashboard_navigation_subscriptions":true,"_surecart_dashboard_navigation_downloads":true,"_surecart_dashboard_navigation_billing":true,"_surecart_dashboard_navigation_account":true,"_uag_custom_page_level_css":"","site-sidebar-layout":"default","site-content-layout":"","ast-site-content-layout":"normal-width-container","site-content-style":"default","site-sidebar-style":"default","ast-global-header-display":"","ast-banner-title-visibility":"disabled","ast-main-header-display":"","ast-hfb-above-header-display":"","ast-hfb-below-header-display":"","ast-hfb-mobile-header-display":"","site-post-title":"disabled","ast-breadcrumbs-content":"","ast-featured-img":"","footer-sml-layout":"","theme-transparent-header-meta":"enabled","adv-header-id-meta":"","stick-header-meta":"","header-above-stick-meta":"","header-main-stick-meta":"","header-below-stick-meta":"","astra-migrate-meta-layouts":"","ast-page-background-enabled":"default","ast-page-background-meta":{"desktop":{"background-color":"var(--ast-global-color-4)","background-image":"","background-repeat":"repeat","background-position":"center center","background-size":"auto","background-attachment":"scroll","background-type":"","background-media":"","overlay-type":"","overlay-color":"","overlay-opacity":"","overlay-gradient":""},"tablet":{"background-color":"","background-image":"","background-repeat":"repeat","background-position":"center center","background-size":"auto","background-attachment":"scroll","background-type":"","background-media":"","overlay-type":"","overlay-color":"","overlay-opacity":"","overlay-gradient":""},"mobile":{"background-color":"","background-image":"","background-repeat":"repeat","background-position":"center center","background-size":"auto","background-attachment":"scroll","background-type":"","background-media":"","overlay-type":"","overlay-color":"","overlay-opacity":"","overlay-gradient":""}},"ast-content-background-meta":{"desktop":{"background-color":"var(--ast-global-color-5)","background-image":"","background-repeat":"repeat","background-position":"center center","background-size":"auto","background-attachment":"scroll","background-type":"","background-media":"","overlay-type":"","overlay-color":"","overlay-opacity":"","overlay-gradient":""},"tablet":{"background-color":"var(--ast-global-color-5)","background-image":"","background-repeat":"repeat","background-position":"center center","background-size":"auto","background-attachment":"scroll","background-type":"","background-media":"","overlay-type":"","overlay-color":"","overlay-opacity":"","overlay-gradient":""},"mobile":{"background-color":"var(--ast-global-color-5)","background-image":"","background-repeat":"repeat","background-position":"center center","background-size":"auto","background-attachment":"scroll","background-type":"","background-media":"","overlay-type":"","overlay-color":"","overlay-opacity":"","overlay-gradient":""}},"ngg_post_thumbnail":0,"footnotes":""},"class_list":["post-2492","page","type-page","status-publish","hentry"],"yoast_head":"<!-- This site is optimized with the Yoast SEO plugin v25.1 - https:\/\/yoast.com\/wordpress\/plugins\/seo\/ -->\n<title>FAQ - CUEVA CASCAMORRAS<\/title>\n<meta name=\"robots\" content=\"index, follow, max-snippet:-1, max-image-preview:large, max-video-preview:-1\" \/>\n<link rel=\"canonical\" href=\"https:\/\/cascamorras.org\/en\/preguntas-cueva-cascamorras\/\" \/>\n<meta property=\"og:locale\" content=\"en_US\" \/>\n<meta property=\"og:type\" content=\"article\" \/>\n<meta property=\"og:title\" content=\"FAQ - CUEVA CASCAMORRAS\" \/>\n<meta property=\"og:description\" content=\"\u00bfDisponen de piscina privada? \u00a1Por supuesto! Una piscina perfecta para sumergirte como un aut\u00e9ntico \u00abhombre o mujer de las cavernas\u00bb, pero con estilo. \u00bfExiste una temporada de piscina? S\u00ed, cuando el sol aprieta y la naturaleza lo manda (primavera y verano aprox.), la piscina est\u00e1 abierta para que te refresques como si estuvieras en un [&hellip;]\" \/>\n<meta property=\"og:url\" content=\"https:\/\/cascamorras.org\/en\/preguntas-cueva-cascamorras\/\" \/>\n<meta property=\"og:site_name\" content=\"CUEVA CASCAMORRAS\" \/>\n<meta property=\"article:modified_time\" content=\"2025-03-04T13:30:30+00:00\" \/>\n<meta name=\"twitter:card\" content=\"summary_large_image\" \/>\n<script type=\"application\/ld+json\" class=\"yoast-schema-graph\">{\"@context\":\"https:\/\/schema.org\",\"@graph\":[{\"@type\":\"WebPage\",\"@id\":\"https:\/\/cascamorras.org\/preguntas-cueva-cascamorras\/\",\"url\":\"https:\/\/cascamorras.org\/preguntas-cueva-cascamorras\/\",\"name\":\"FAQ - CUEVA CASCAMORRAS\",\"isPartOf\":{\"@id\":\"https:\/\/cascamorras.org\/#website\"},\"datePublished\":\"2024-11-24T18:48:18+00:00\",\"dateModified\":\"2025-03-04T13:30:30+00:00\",\"breadcrumb\":{\"@id\":\"https:\/\/cascamorras.org\/preguntas-cueva-cascamorras\/#breadcrumb\"},\"inLanguage\":\"en-US\",\"potentialAction\":[{\"@type\":\"ReadAction\",\"target\":[\"https:\/\/cascamorras.org\/preguntas-cueva-cascamorras\/\"]}]},{\"@type\":\"BreadcrumbList\",\"@id\":\"https:\/\/cascamorras.org\/preguntas-cueva-cascamorras\/#breadcrumb\",\"itemListElement\":[{\"@type\":\"ListItem\",\"position\":1,\"name\":\"Portada\",\"item\":\"https:\/\/cascamorras.org\/\"},{\"@type\":\"ListItem\",\"position\":2,\"name\":\"FAQ\"}]},{\"@type\":\"WebSite\",\"@id\":\"https:\/\/cascamorras.org\/#website\",\"url\":\"https:\/\/cascamorras.org\/\",\"name\":\"CUEVA CASCAMORRAS\",\"description\":\"Cueva Cascamorras es un alojamiento rural \u00fanico en Baza (Granada), donde historia y confort se fusionan. Vive la magia de dormir en una cueva aut\u00e9ntica con todas las comodidades. \u00a1Un refugio lleno de encanto!\",\"publisher\":{\"@id\":\"https:\/\/cascamorras.org\/#\/schema\/person\/f6feb02bbb20c240a3989c4d29108235\"},\"potentialAction\":[{\"@type\":\"SearchAction\",\"target\":{\"@type\":\"EntryPoint\",\"urlTemplate\":\"https:\/\/cascamorras.org\/?s={search_term_string}\"},\"query-input\":{\"@type\":\"PropertyValueSpecification\",\"valueRequired\":true,\"valueName\":\"search_term_string\"}}],\"inLanguage\":\"en-US\"},{\"@type\":[\"Person\",\"Organization\"],\"@id\":\"https:\/\/cascamorras.org\/#\/schema\/person\/f6feb02bbb20c240a3989c4d29108235\",\"name\":\"SANTI VALERO SANCHEZ\",\"image\":{\"@type\":\"ImageObject\",\"inLanguage\":\"en-US\",\"@id\":\"https:\/\/cascamorras.org\/#\/schema\/person\/image\/\",\"url\":\"https:\/\/cascamorras.org\/wp-content\/uploads\/2025\/02\/Logo-Cueva-Cascamorras-positivo-scaled.jpg\",\"contentUrl\":\"https:\/\/cascamorras.org\/wp-content\/uploads\/2025\/02\/Logo-Cueva-Cascamorras-positivo-scaled.jpg\",\"width\":2560,\"height\":2515,\"caption\":\"SANTI VALERO SANCHEZ\"},\"logo\":{\"@id\":\"https:\/\/cascamorras.org\/#\/schema\/person\/image\/\"}}]}<\/script>\n<!-- \/ Yoast SEO plugin. -->","yoast_head_json":{"title":"FAQ - CUEVA CASCAMORRAS","robots":{"index":"index","follow":"follow","max-snippet":"max-snippet:-1","max-image-preview":"max-image-preview:large","max-video-preview":"max-video-preview:-1"},"canonical":"https:\/\/cascamorras.org\/en\/preguntas-cueva-cascamorras\/","og_locale":"en_US","og_type":"article","og_title":"FAQ - CUEVA CASCAMORRAS","og_description":"\u00bfDisponen de piscina privada? \u00a1Por supuesto! Una piscina perfecta para sumergirte como un aut\u00e9ntico \u00abhombre o mujer de las cavernas\u00bb, pero con estilo. \u00bfExiste una temporada de piscina? S\u00ed, cuando el sol aprieta y la naturaleza lo manda (primavera y verano aprox.), la piscina est\u00e1 abierta para que te refresques como si estuvieras en un [&hellip;]","og_url":"https:\/\/cascamorras.org\/en\/preguntas-cueva-cascamorras\/","og_site_name":"CUEVA CASCAMORRAS","article_modified_time":"2025-03-04T13:30:30+00:00","twitter_card":"summary_large_image","schema":{"@context":"https:\/\/schema.org","@graph":[{"@type":"WebPage","@id":"https:\/\/cascamorras.org\/preguntas-cueva-cascamorras\/","url":"https:\/\/cascamorras.org\/preguntas-cueva-cascamorras\/","name":"FAQ - CUEVA CASCAMORRAS","isPartOf":{"@id":"https:\/\/cascamorras.org\/#website"},"datePublished":"2024-11-24T18:48:18+00:00","dateModified":"2025-03-04T13:30:30+00:00","breadcrumb":{"@id":"https:\/\/cascamorras.org\/preguntas-cueva-cascamorras\/#breadcrumb"},"inLanguage":"en-US","potentialAction":[{"@type":"ReadAction","target":["https:\/\/cascamorras.org\/preguntas-cueva-cascamorras\/"]}]},{"@type":"BreadcrumbList","@id":"https:\/\/cascamorras.org\/preguntas-cueva-cascamorras\/#breadcrumb","itemListElement":[{"@type":"ListItem","position":1,"name":"Portada","item":"https:\/\/cascamorras.org\/"},{"@type":"ListItem","position":2,"name":"FAQ"}]},{"@type":"WebSite","@id":"https:\/\/cascamorras.org\/#website","url":"https:\/\/cascamorras.org\/","name":"CUEVA CASCAMORRAS","description":"Cueva Cascamorras es un alojamiento rural \u00fanico en Baza (Granada), donde historia y confort se fusionan. Vive la magia de dormir en una cueva aut\u00e9ntica con todas las comodidades. \u00a1Un refugio lleno de encanto!","publisher":{"@id":"https:\/\/cascamorras.org\/#\/schema\/person\/f6feb02bbb20c240a3989c4d29108235"},"potentialAction":[{"@type":"SearchAction","target":{"@type":"EntryPoint","urlTemplate":"https:\/\/cascamorras.org\/?s={search_term_string}"},"query-input":{"@type":"PropertyValueSpecification","valueRequired":true,"valueName":"search_term_string"}}],"inLanguage":"en-US"},{"@type":["Person","Organization"],"@id":"https:\/\/cascamorras.org\/#\/schema\/person\/f6feb02bbb20c240a3989c4d29108235","name":"SANTI VALERO SANCHEZ","image":{"@type":"ImageObject","inLanguage":"en-US","@id":"https:\/\/cascamorras.org\/#\/schema\/person\/image\/","url":"https:\/\/cascamorras.org\/wp-content\/uploads\/2025\/02\/Logo-Cueva-Cascamorras-positivo-scaled.jpg","contentUrl":"https:\/\/cascamorras.org\/wp-content\/uploads\/2025\/02\/Logo-Cueva-Cascamorras-positivo-scaled.jpg","width":2560,"height":2515,"caption":"SANTI VALERO SANCHEZ"},"logo":{"@id":"https:\/\/cascamorras.org\/#\/schema\/person\/image\/"}}]}},"uagb_featured_image_src":{"full":false,"thumbnail":false,"medium":false,"medium_large":false,"large":false,"1536x1536":false,"2048x2048":false,"trp-custom-language-flag":false},"uagb_author_info":{"display_name":"SANTI VALERO SANCHEZ","author_link":"https:\/\/cascamorras.org\/en\/author\/santi\/"},"uagb_comment_info":0,"uagb_excerpt":"\u00bfDisponen de piscina privada? \u00a1Por supuesto! Una piscina perfecta para sumergirte como un aut\u00e9ntico \u00abhombre o mujer de las cavernas\u00bb, pero con estilo. \u00bfExiste una temporada de piscina? S\u00ed, cuando el sol aprieta y la naturaleza lo manda (primavera y verano aprox.), la piscina est\u00e1 abierta para que te refresques como si estuvieras en un&hellip;","_links":{"self":[{"href":"https:\/\/cascamorras.org\/en\/wp-json\/wp\/v2\/pages\/2492","targetHints":{"allow":["GET"]}}],"collection":[{"href":"https:\/\/cascamorras.org\/en\/wp-json\/wp\/v2\/pages"}],"about":[{"href":"https:\/\/cascamorras.org\/en\/wp-json\/wp\/v2\/types\/page"}],"author":[{"embeddable":true,"href":"https:\/\/cascamorras.org\/en\/wp-json\/wp\/v2\/users\/5"}],"replies":[{"embeddable":true,"href":"https:\/\/cascamorras.org\/en\/wp-json\/wp\/v2\/comments?post=2492"}],"version-history":[{"count":18,"href":"https:\/\/cascamorras.org\/en\/wp-json\/wp\/v2\/pages\/2492\/revisions"}],"predecessor-version":[{"id":3122,"href":"https:\/\/cascamorras.org\/en\/wp-json\/wp\/v2\/pages\/2492\/revisions\/3122"}],"wp:attachment":[{"href":"https:\/\/cascamorras.org\/en\/wp-json\/wp\/v2\/media?parent=2492"}],"curies":[{"name":"wp","href":"https:\/\/api.w.org\/{rel}","templated":true}]}}