{"id":3191,"date":"2025-01-20T23:33:59","date_gmt":"2025-01-20T22:33:59","guid":{"rendered":"https:\/\/cuevacascamorras.com\/?page_id=3191"},"modified":"2025-01-27T09:38:52","modified_gmt":"2025-01-27T08:38:52","slug":"politica-de-privacidad-cueva-cascamorras","status":"publish","type":"page","link":"https:\/\/cascamorras.org\/en\/politica-de-privacidad-cueva-cascamorras\/","title":{"rendered":"Privacy policy"},"content":{"rendered":"<div class=\"wp-block-uagb-container uagb-block-ad39d8c1 alignfull uagb-is-root-container\">\n<div class=\"wp-block-uagb-info-box uagb-block-0eab1ec7 uagb-infobox__content-wrap  uagb-infobox-icon-above-title uagb-infobox-image-valign-top\"><div class=\"uagb-ifb-content\"><div class=\"uagb-ifb-title-wrap\"><span class=\"uagb-ifb-title-prefix\"><strong>Protecci\u00f3n de Datos Personales en Cueva Cascamorras<\/strong><\/span><h1 class=\"uagb-ifb-title\"><em>Garantizando tu privacidad<\/em><br><em> durante toda la estancia.<\/em><\/h1><\/div><\/div><\/div>\n<\/div>\n\n\n\n<div class=\"wp-block-uagb-container uagb-block-79863db8 alignfull uagb-is-root-container\"><div class=\"uagb-container-inner-blocks-wrap\">\n<div class=\"wp-block-uagb-info-box uagb-block-2b4992c7 uagb-infobox__content-wrap  uagb-infobox-icon-above-title uagb-infobox-image-valign-top\"><div class=\"uagb-ifb-content\"><div class=\"uagb-ifb-title-wrap\"><h3 class=\"uagb-ifb-title\"><strong>1. Informaci\u00f3n del usuario<\/strong><\/h3><\/div><p class=\"uagb-ifb-desc\"><strong>\u00bfQui\u00e9n es el responsable del tratamiento de tus datos personales?<\/strong><br>El responsable del tratamiento de los datos personales que nos proporciones es<br><strong>Cascamorras Cave<\/strong> . Te informamos que tus datos ser\u00e1n tratados conforme al Reglamento (UE) 2016\/679, de 27 de abril (GDPR), y la Ley Org\u00e1nica 3\/2018, de 5 de diciembre (LOPDGDD).<br><br><strong>\u00bfPara qu\u00e9 tratamos tus datos personales?<\/strong><br><br>In<strong> Cascamorras Cave<\/strong> , utilizamos tus datos personales con el objetivo de mantener una relaci\u00f3n comercial y prestarte nuestros servicios de forma \u00f3ptima. Los tratamientos que realizamos incluyen:<br><br>&#8211; Enviar comunicaciones comerciales, promociones o novedades por diversos medios (correo electr\u00f3nico, SMS, redes sociales, etc.), relacionadas con nuestros productos y servicios.<br>&#8211; Realizar estudios de mercado y an\u00e1lisis estad\u00edsticos para mejorar nuestros servicios.<br>&#8211; Atender tus solicitudes, consultas o peticiones a trav\u00e9s de los canales de contacto disponibles en nuestra p\u00e1gina web.<br>&#8211; Enviar boletines informativos sobre novedades, ofertas y promociones de nuestra actividad.<br><br><strong>\u00bfPor qu\u00e9 tratamos tus datos personales?<\/strong><br><br>El tratamiento de tus datos est\u00e1 legitimado por el art\u00edculo 6 del GDPR de la siguiente manera:<br><strong>&#8211; Con tu consentimiento:<\/strong> para el env\u00edo de comunicaciones comerciales y boletines informativos.<br>&#8211; <strong>Por inter\u00e9s leg\u00edtimo de Cueva Cascamorras:<\/strong> para realizar estudios de mercado, an\u00e1lisis estad\u00edsticos y para gestionar tus encargos y solicitudes.<br><br><strong>\u00bfDurante cu\u00e1nto tiempo guardamos tus datos personales?<\/strong><br><br>Conservamos tus datos personales \u00fanicamente durante el tiempo necesario para cumplir con el prop\u00f3sito para el que fueron recabados, o durante el tiempo requerido por las normativas legales aplicables. Una vez que ya no sean necesarios, procederemos a su eliminaci\u00f3n con medidas de seguridad adecuadas para garantizar su anonimizaci\u00f3n o destrucci\u00f3n total.<br><br><strong>\u00bfA qui\u00e9n facilitamos tus datos personales?<\/strong><br><br>No compartimos tus datos con terceros, salvo que sea necesario para el cumplimiento de la ley, de las multas impuestas,  etc. y solo con nuestros proveedores de servicios relacionados con comunicaciones. Estos proveedores est\u00e1n sujetos a contratos de confidencialidad y cumplen con las normativas de protecci\u00f3n de datos vigentes.<br><br><strong>\u00bfCu\u00e1les son tus derechos?<\/strong><br><br>Tienes los siguientes derechos sobre tus datos personales:<br><br>&#8211; Derecho a retirar tu consentimiento en cualquier momento.<br>&#8211; Derecho de acceso, rectificaci\u00f3n, portabilidad y supresi\u00f3n de tus datos.<br>&#8211; Derecho a limitar o oponerte al tratamiento de tus datos.<br>&#8211; Derecho a presentar una reclamaci\u00f3n ante la autoridad de control (www.aepd.es) si consideras que el tratamiento no se ajusta a la normativa vigente<br>.<br>Datos de contacto para ejercer tus derechos:<br><br>Si deseas ejercer cualquiera de tus derechos, puedes ponerte en contacto con nosotros en:<br><br><strong>CUEVA CASCAMORRAS<\/strong><br><br>Direcci\u00f3n:<br><a href=\"https:\/\/www.google.com\/maps\/place\/\/data=!4m2!3m1!1s0xd6fe9279a2b9f43:0x20c3e09b9203716d?sa=X&amp;ved=1t:8290&amp;ictx=111\">barrio Perchel, Pol\u00edgono 13, parcela 359, 18800 Baza, Granada<\/a><br><br>Correo electr\u00f3nico:<br><strong>info@cuevacascamorras.com<\/strong><\/p><\/div><\/div>\n<\/div><\/div>\n\n\n\n<div class=\"wp-block-uagb-container uagb-block-32af85e1 alignfull uagb-is-root-container\"><div class=\"uagb-container-inner-blocks-wrap\">\n<div class=\"wp-block-uagb-container uagb-block-773e1204\">\n<div class=\"wp-block-uagb-info-box uagb-block-a96f0d28 uagb-infobox__content-wrap  uagb-infobox-icon-above-title uagb-infobox-image-valign-top\"><div class=\"uagb-ifb-content\"><div class=\"uagb-ifb-title-wrap\"><h3 class=\"uagb-ifb-title\"><strong>2. Car\u00e1cter obligatorio o facultativo de la informaci\u00f3n facilitada por el usuario<\/strong><\/h3><\/div><p class=\"uagb-ifb-desc\">Los datos solicitados a trav\u00e9s de nuestra web son necesarios para prestarte un servicio adecuado. Al marcar las casillas correspondientes en nuestros formularios, aceptas que tus datos sean tratados para gestionar tu solicitud. La inclusi\u00f3n de datos en campos no obligatorios es voluntaria. Aseg\u00farese de que la informaci\u00f3n proporcionada sea veraz y actualizada, y notifique cualquier cambio.<\/p><\/div><\/div>\n<\/div>\n<\/div><\/div>\n\n\n\n<div class=\"wp-block-uagb-container uagb-block-d5c0510b alignfull uagb-is-root-container\"><div class=\"uagb-container-inner-blocks-wrap\">\n<div class=\"wp-block-uagb-info-box uagb-block-76352717 uagb-infobox__content-wrap  uagb-infobox-icon-above-title uagb-infobox-image-valign-top\"><div class=\"uagb-ifb-content\"><div class=\"uagb-ifb-title-wrap\"><h3 class=\"uagb-ifb-title\"><em><strong>3. Medidas de seguridad<\/strong><\/em><\/h3><\/div><p class=\"uagb-ifb-desc\">In <strong>Cascamorras Cave<\/strong> cumplimos con la normativa vigente en protecci\u00f3n de datos personales, implementando las medidas t\u00e9cnicas y organizativas necesarias para garantizar la seguridad de los datos. Tratamos la informaci\u00f3n de manera l\u00edcita, transparente y adecuada a las multas para los cuales fue recabada, asegurando que los derechos y libertades de los usuarios sean protegidos.<br><br>Para m\u00e1s detalles sobre nuestras medidas de privacidad, puedes contactarnos en:<br><br><strong>Cascamorras Cave<\/strong><br><br>Direcci\u00f3n:<br><a href=\"https:\/\/www.google.com\/maps\/place\/\/data=!4m2!3m1!1s0xd6fe9279a2b9f43:0x20c3e09b9203716d?sa=X&amp;ved=1t:8290&amp;ictx=111\">barrio Perchel, Pol\u00edgono 13, parcela 359, 18800 Baza, Granada<\/a><br><br>Correo electr\u00f3nico:<br><strong><a><strong>info@cuevacascamorras.com<\/strong><\/a><\/strong><\/p><\/div><\/div>\n<\/div><\/div>\n\n\n\n<div class=\"wp-block-uagb-container uagb-block-63564a38 alignfull uagb-is-root-container\"><div class=\"uagb-container-inner-blocks-wrap\">\n<div class=\"wp-block-uagb-info-box uagb-block-9c82b37e uagb-infobox__content-wrap  uagb-infobox-icon-above-title uagb-infobox-image-valign-top\"><div class=\"uagb-ifb-content\"><div class=\"uagb-ifb-title-wrap\"><span class=\"uagb-ifb-title-prefix\">Do you dare to meet Cascamorras? \ud83d\udda4\ud83c\udfad\ud83d\udc63\u270b\ud83c\udfff\ud83e\udd1a\ud83c\udfff<\/span><h2 class=\"uagb-ifb-title\">In <em>Cascamorras Cave<\/em> You're not just staying here, you're experiencing the true essence of Baza and its history! \ud83d\udcab\ud83d\udda4\u270b\ud83c\udfff\ud83e\udd1a\ud83c\udfff<\/h2><\/div><\/div><\/div>\n<\/div><\/div>\n\n\n\n<div class=\"wp-block-uagb-container uagb-block-625fb0d3 alignfull uagb-is-root-container\"><div class=\"uagb-container-inner-blocks-wrap\">\n<div class=\"wp-block-uagb-info-box uagb-block-bff49d32 uagb-infobox__content-wrap  uagb-infobox-icon-above-title uagb-infobox-image-valign-top\"><div class=\"uagb-ifb-content\"><div class=\"uagb-ifb-title-wrap\"><span class=\"uagb-ifb-title-prefix\">Exclusive discount! <\/span><h2 class=\"uagb-ifb-title\">Exclusive discount!\nTake advantage of 15% off your next mid-stay booking and<br> Exclusive discount!\nTake advantage of 15% off your next mid-stay booking and<\/h2><\/div><\/div><\/div>\n\n\n\n<div class=\"wp-block-uagb-info-box uagb-block-ddde12bb uagb-infobox__content-wrap  uagb-infobox-icon-above-title uagb-infobox-image-valign-top\"><div class=\"uagb-ifb-content\"><div class=\"uagb-ifb-title-wrap\"><span class=\"uagb-ifb-title-prefix\"> Don't miss it!<\/span><h2 class=\"uagb-ifb-title\">for a limited time only! <\/h2><\/div><\/div><\/div>\n<\/div><\/div>\n\n\n\n<p><\/p>","protected":false},"excerpt":{"rendered":"","protected":false},"author":5,"featured_media":0,"parent":0,"menu_order":23,"comment_status":"closed","ping_status":"closed","template":"","meta":{"_surecart_dashboard_logo_width":"180px","_surecart_dashboard_show_logo":true,"_surecart_dashboard_navigation_orders":true,"_surecart_dashboard_navigation_invoices":true,"_surecart_dashboard_navigation_subscriptions":true,"_surecart_dashboard_navigation_downloads":true,"_surecart_dashboard_navigation_billing":true,"_surecart_dashboard_navigation_account":true,"_uag_custom_page_level_css":"","site-sidebar-layout":"default","site-content-layout":"","ast-site-content-layout":"normal-width-container","site-content-style":"default","site-sidebar-style":"default","ast-global-header-display":"","ast-banner-title-visibility":"disabled","ast-main-header-display":"","ast-hfb-above-header-display":"","ast-hfb-below-header-display":"","ast-hfb-mobile-header-display":"","site-post-title":"disabled","ast-breadcrumbs-content":"","ast-featured-img":"","footer-sml-layout":"","theme-transparent-header-meta":"enabled","adv-header-id-meta":"","stick-header-meta":"","header-above-stick-meta":"","header-main-stick-meta":"","header-below-stick-meta":"","astra-migrate-meta-layouts":"","ast-page-background-enabled":"default","ast-page-background-meta":{"desktop":{"background-color":"var(--ast-global-color-4)","background-image":"","background-repeat":"repeat","background-position":"center center","background-size":"auto","background-attachment":"scroll","background-type":"","background-media":"","overlay-type":"","overlay-color":"","overlay-opacity":"","overlay-gradient":""},"tablet":{"background-color":"","background-image":"","background-repeat":"repeat","background-position":"center center","background-size":"auto","background-attachment":"scroll","background-type":"","background-media":"","overlay-type":"","overlay-color":"","overlay-opacity":"","overlay-gradient":""},"mobile":{"background-color":"","background-image":"","background-repeat":"repeat","background-position":"center center","background-size":"auto","background-attachment":"scroll","background-type":"","background-media":"","overlay-type":"","overlay-color":"","overlay-opacity":"","overlay-gradient":""}},"ast-content-background-meta":{"desktop":{"background-color":"var(--ast-global-color-5)","background-image":"","background-repeat":"repeat","background-position":"center center","background-size":"auto","background-attachment":"scroll","background-type":"","background-media":"","overlay-type":"","overlay-color":"","overlay-opacity":"","overlay-gradient":""},"tablet":{"background-color":"var(--ast-global-color-5)","background-image":"","background-repeat":"repeat","background-position":"center center","background-size":"auto","background-attachment":"scroll","background-type":"","background-media":"","overlay-type":"","overlay-color":"","overlay-opacity":"","overlay-gradient":""},"mobile":{"background-color":"var(--ast-global-color-5)","background-image":"","background-repeat":"repeat","background-position":"center center","background-size":"auto","background-attachment":"scroll","background-type":"","background-media":"","overlay-type":"","overlay-color":"","overlay-opacity":"","overlay-gradient":""}},"ngg_post_thumbnail":0,"footnotes":""},"class_list":["post-3191","page","type-page","status-publish","hentry"],"yoast_head":"<!-- This site is optimized with the Yoast SEO plugin v25.1 - https:\/\/yoast.com\/wordpress\/plugins\/seo\/ -->\n<title>Pol\u00edtica de privacidad - CUEVA CASCAMORRAS<\/title>\n<meta name=\"robots\" content=\"index, follow, max-snippet:-1, max-image-preview:large, max-video-preview:-1\" \/>\n<link rel=\"canonical\" href=\"https:\/\/cascamorras.org\/en\/politica-de-privacidad-cueva-cascamorras\/\" \/>\n<meta property=\"og:locale\" content=\"en_US\" \/>\n<meta property=\"og:type\" content=\"article\" \/>\n<meta property=\"og:title\" content=\"Pol\u00edtica de privacidad - CUEVA CASCAMORRAS\" \/>\n<meta property=\"og:url\" content=\"https:\/\/cascamorras.org\/en\/politica-de-privacidad-cueva-cascamorras\/\" \/>\n<meta property=\"og:site_name\" content=\"CUEVA CASCAMORRAS\" \/>\n<meta property=\"article:modified_time\" content=\"2025-01-27T08:38:52+00:00\" \/>\n<meta name=\"twitter:card\" content=\"summary_large_image\" \/>\n<meta name=\"twitter:label1\" content=\"Est. reading time\" \/>\n\t<meta name=\"twitter:data1\" content=\"3 minutes\" \/>\n<script type=\"application\/ld+json\" class=\"yoast-schema-graph\">{\"@context\":\"https:\/\/schema.org\",\"@graph\":[{\"@type\":\"WebPage\",\"@id\":\"https:\/\/cascamorras.org\/politica-de-privacidad-cueva-cascamorras\/\",\"url\":\"https:\/\/cascamorras.org\/politica-de-privacidad-cueva-cascamorras\/\",\"name\":\"Pol\u00edtica de privacidad - CUEVA CASCAMORRAS\",\"isPartOf\":{\"@id\":\"https:\/\/cascamorras.org\/#website\"},\"datePublished\":\"2025-01-20T22:33:59+00:00\",\"dateModified\":\"2025-01-27T08:38:52+00:00\",\"breadcrumb\":{\"@id\":\"https:\/\/cascamorras.org\/politica-de-privacidad-cueva-cascamorras\/#breadcrumb\"},\"inLanguage\":\"en-US\",\"potentialAction\":[{\"@type\":\"ReadAction\",\"target\":[\"https:\/\/cascamorras.org\/politica-de-privacidad-cueva-cascamorras\/\"]}]},{\"@type\":\"BreadcrumbList\",\"@id\":\"https:\/\/cascamorras.org\/politica-de-privacidad-cueva-cascamorras\/#breadcrumb\",\"itemListElement\":[{\"@type\":\"ListItem\",\"position\":1,\"name\":\"Portada\",\"item\":\"https:\/\/cascamorras.org\/\"},{\"@type\":\"ListItem\",\"position\":2,\"name\":\"Pol\u00edtica de privacidad\"}]},{\"@type\":\"WebSite\",\"@id\":\"https:\/\/cascamorras.org\/#website\",\"url\":\"https:\/\/cascamorras.org\/\",\"name\":\"CUEVA CASCAMORRAS\",\"description\":\"Cueva Cascamorras es un alojamiento rural \u00fanico en Baza (Granada), donde historia y confort se fusionan. Vive la magia de dormir en una cueva aut\u00e9ntica con todas las comodidades. \u00a1Un refugio lleno de encanto!\",\"publisher\":{\"@id\":\"https:\/\/cascamorras.org\/#\/schema\/person\/f6feb02bbb20c240a3989c4d29108235\"},\"potentialAction\":[{\"@type\":\"SearchAction\",\"target\":{\"@type\":\"EntryPoint\",\"urlTemplate\":\"https:\/\/cascamorras.org\/?s={search_term_string}\"},\"query-input\":{\"@type\":\"PropertyValueSpecification\",\"valueRequired\":true,\"valueName\":\"search_term_string\"}}],\"inLanguage\":\"en-US\"},{\"@type\":[\"Person\",\"Organization\"],\"@id\":\"https:\/\/cascamorras.org\/#\/schema\/person\/f6feb02bbb20c240a3989c4d29108235\",\"name\":\"SANTI VALERO SANCHEZ\",\"image\":{\"@type\":\"ImageObject\",\"inLanguage\":\"en-US\",\"@id\":\"https:\/\/cascamorras.org\/#\/schema\/person\/image\/\",\"url\":\"https:\/\/cascamorras.org\/wp-content\/uploads\/2025\/02\/Logo-Cueva-Cascamorras-positivo-scaled.jpg\",\"contentUrl\":\"https:\/\/cascamorras.org\/wp-content\/uploads\/2025\/02\/Logo-Cueva-Cascamorras-positivo-scaled.jpg\",\"width\":2560,\"height\":2515,\"caption\":\"SANTI VALERO SANCHEZ\"},\"logo\":{\"@id\":\"https:\/\/cascamorras.org\/#\/schema\/person\/image\/\"}}]}<\/script>\n<!-- \/ Yoast SEO plugin. -->","yoast_head_json":{"title":"Pol\u00edtica de privacidad - CUEVA CASCAMORRAS","robots":{"index":"index","follow":"follow","max-snippet":"max-snippet:-1","max-image-preview":"max-image-preview:large","max-video-preview":"max-video-preview:-1"},"canonical":"https:\/\/cascamorras.org\/en\/politica-de-privacidad-cueva-cascamorras\/","og_locale":"en_US","og_type":"article","og_title":"Pol\u00edtica de privacidad - CUEVA CASCAMORRAS","og_url":"https:\/\/cascamorras.org\/en\/politica-de-privacidad-cueva-cascamorras\/","og_site_name":"CUEVA CASCAMORRAS","article_modified_time":"2025-01-27T08:38:52+00:00","twitter_card":"summary_large_image","twitter_misc":{"Est. reading time":"3 minutes"},"schema":{"@context":"https:\/\/schema.org","@graph":[{"@type":"WebPage","@id":"https:\/\/cascamorras.org\/politica-de-privacidad-cueva-cascamorras\/","url":"https:\/\/cascamorras.org\/politica-de-privacidad-cueva-cascamorras\/","name":"Pol\u00edtica de privacidad - CUEVA CASCAMORRAS","isPartOf":{"@id":"https:\/\/cascamorras.org\/#website"},"datePublished":"2025-01-20T22:33:59+00:00","dateModified":"2025-01-27T08:38:52+00:00","breadcrumb":{"@id":"https:\/\/cascamorras.org\/politica-de-privacidad-cueva-cascamorras\/#breadcrumb"},"inLanguage":"en-US","potentialAction":[{"@type":"ReadAction","target":["https:\/\/cascamorras.org\/politica-de-privacidad-cueva-cascamorras\/"]}]},{"@type":"BreadcrumbList","@id":"https:\/\/cascamorras.org\/politica-de-privacidad-cueva-cascamorras\/#breadcrumb","itemListElement":[{"@type":"ListItem","position":1,"name":"Portada","item":"https:\/\/cascamorras.org\/"},{"@type":"ListItem","position":2,"name":"Pol\u00edtica de privacidad"}]},{"@type":"WebSite","@id":"https:\/\/cascamorras.org\/#website","url":"https:\/\/cascamorras.org\/","name":"CUEVA CASCAMORRAS","description":"Cueva Cascamorras es un alojamiento rural \u00fanico en Baza (Granada), donde historia y confort se fusionan. Vive la magia de dormir en una cueva aut\u00e9ntica con todas las comodidades. \u00a1Un refugio lleno de encanto!","publisher":{"@id":"https:\/\/cascamorras.org\/#\/schema\/person\/f6feb02bbb20c240a3989c4d29108235"},"potentialAction":[{"@type":"SearchAction","target":{"@type":"EntryPoint","urlTemplate":"https:\/\/cascamorras.org\/?s={search_term_string}"},"query-input":{"@type":"PropertyValueSpecification","valueRequired":true,"valueName":"search_term_string"}}],"inLanguage":"en-US"},{"@type":["Person","Organization"],"@id":"https:\/\/cascamorras.org\/#\/schema\/person\/f6feb02bbb20c240a3989c4d29108235","name":"SANTI VALERO SANCHEZ","image":{"@type":"ImageObject","inLanguage":"en-US","@id":"https:\/\/cascamorras.org\/#\/schema\/person\/image\/","url":"https:\/\/cascamorras.org\/wp-content\/uploads\/2025\/02\/Logo-Cueva-Cascamorras-positivo-scaled.jpg","contentUrl":"https:\/\/cascamorras.org\/wp-content\/uploads\/2025\/02\/Logo-Cueva-Cascamorras-positivo-scaled.jpg","width":2560,"height":2515,"caption":"SANTI VALERO SANCHEZ"},"logo":{"@id":"https:\/\/cascamorras.org\/#\/schema\/person\/image\/"}}]}},"uagb_featured_image_src":{"full":false,"thumbnail":false,"medium":false,"medium_large":false,"large":false,"1536x1536":false,"2048x2048":false,"trp-custom-language-flag":false},"uagb_author_info":{"display_name":"SANTI VALERO SANCHEZ","author_link":"https:\/\/cascamorras.org\/en\/author\/santi\/"},"uagb_comment_info":0,"uagb_excerpt":null,"_links":{"self":[{"href":"https:\/\/cascamorras.org\/en\/wp-json\/wp\/v2\/pages\/3191","targetHints":{"allow":["GET"]}}],"collection":[{"href":"https:\/\/cascamorras.org\/en\/wp-json\/wp\/v2\/pages"}],"about":[{"href":"https:\/\/cascamorras.org\/en\/wp-json\/wp\/v2\/types\/page"}],"author":[{"embeddable":true,"href":"https:\/\/cascamorras.org\/en\/wp-json\/wp\/v2\/users\/5"}],"replies":[{"embeddable":true,"href":"https:\/\/cascamorras.org\/en\/wp-json\/wp\/v2\/comments?post=3191"}],"version-history":[{"count":11,"href":"https:\/\/cascamorras.org\/en\/wp-json\/wp\/v2\/pages\/3191\/revisions"}],"predecessor-version":[{"id":3223,"href":"https:\/\/cascamorras.org\/en\/wp-json\/wp\/v2\/pages\/3191\/revisions\/3223"}],"wp:attachment":[{"href":"https:\/\/cascamorras.org\/en\/wp-json\/wp\/v2\/media?parent=3191"}],"curies":[{"name":"wp","href":"https:\/\/api.w.org\/{rel}","templated":true}]}}