{"id":3192,"date":"2025-01-20T23:31:49","date_gmt":"2025-01-20T22:31:49","guid":{"rendered":"https:\/\/cuevacascamorras.com\/?page_id=3192"},"modified":"2025-01-27T09:25:21","modified_gmt":"2025-01-27T08:25:21","slug":"cookies-cueva-cascamorras","status":"publish","type":"page","link":"https:\/\/cascamorras.org\/en\/cookies-cueva-cascamorras\/","title":{"rendered":"Cookies"},"content":{"rendered":"<div class=\"wp-block-uagb-container uagb-block-ad39d8c1 alignfull uagb-is-root-container\">\n<div class=\"wp-block-uagb-info-box uagb-block-0eab1ec7 uagb-infobox__content-wrap  uagb-infobox-icon-above-title uagb-infobox-image-valign-top\"><div class=\"uagb-ifb-content\"><div class=\"uagb-ifb-title-wrap\"><span class=\"uagb-ifb-title-prefix\">Tu privacidad es nuestra prioridad<\/span><h1 class=\"uagb-ifb-title\">Pol\u00edtica de Cookies<\/h1><\/div><\/div><\/div>\n<\/div>\n\n\n\n<div class=\"wp-block-uagb-container uagb-block-79863db8 alignfull uagb-is-root-container\"><div class=\"uagb-container-inner-blocks-wrap\">\n<div class=\"wp-block-uagb-info-box uagb-block-2b4992c7 uagb-infobox__content-wrap  uagb-infobox-icon-above-title uagb-infobox-image-valign-top\"><div class=\"uagb-ifb-content\"><div class=\"uagb-ifb-title-wrap\"><h3 class=\"uagb-ifb-title\">INFORMACI\u00d3N SOBRE COOKIES<\/h3><\/div><p class=\"uagb-ifb-desc\">En cumplimiento de la Ley 34\/2002, de 11 de julio, de Servicios de la Sociedad de la Informaci\u00f3n y de Comercio Electr\u00f3nico (LSSI), el Reglamento (UE) 2016\/679 del Parlamento Europeo y del Consejo, de 27 de abril de 2016 (GDPR), y la Ley Org\u00e1nica 3\/2018, de 5 de diciembre (LOPDGDD), esta p\u00e1gina web informa a sus usuarios sobre el uso de cookies y obtiene su consentimiento previo para instalarlas, salvo en los casos en que dichas cookies sean estrictamente necesarias para la navegaci\u00f3n<\/p><\/div><\/div>\n<\/div><\/div>\n\n\n\n<div class=\"wp-block-uagb-container uagb-block-32af85e1 alignfull uagb-is-root-container\"><div class=\"uagb-container-inner-blocks-wrap\">\n<div class=\"wp-block-uagb-container uagb-block-773e1204\">\n<div class=\"wp-block-uagb-info-box uagb-block-a96f0d28 uagb-infobox__content-wrap  uagb-infobox-icon-above-title uagb-infobox-image-valign-top\"><div class=\"uagb-ifb-content\"><div class=\"uagb-ifb-title-wrap\"><h3 class=\"uagb-ifb-title\">TIPOS DE COOKIES<\/h3><\/div><p class=\"uagb-ifb-desc\"><mark style=\"background-color:rgba(0, 0, 0, 0)\" class=\"has-inline-color has-ast-global-color-1-color\"><strong>Seg\u00fan su finalidad<\/strong><br><\/mark><br><strong>Cookies t\u00e9cnicas y funcionales:<\/strong> Necesarias para el correcto funcionamiento de la web y para la prestaci\u00f3n de servicios solicitados por el usuario.<br><strong>Cookies anal\u00edticas:<\/strong> Permiten analizar el comportamiento de los usuarios en el sitio web para mejorar su experiencia y los servicios ofrecidos.<br><strong>Cookies publicitarias:<\/strong> Gestionan de forma eficaz los espacios publicitarios bas\u00e1ndose en criterios como el contenido mostrado o la frecuencia de los anuncios.<br><strong>Cookies de publicidad comportamental:<\/strong> Recogen informaci\u00f3n sobre las preferencias del usuario para mostrar publicidad personalizada (retargeting).<br><strong>Cookies sociales:<\/strong> Permiten al usuario compartir contenido en redes sociales y su interacci\u00f3n con las mismas.<br><strong>Cookies de afiliaci\u00f3n:<\/strong> Identifican el origen de las visitas desde sitios web con los que se mantiene un contrato de afiliaci\u00f3n.<br><strong>Cookies de seguridad:<\/strong> Protegen los datos almacenados en las cookies contra accesos no autorizados.<br><br><mark style=\"background-color:rgba(0, 0, 0, 0)\" class=\"has-inline-color has-ast-global-color-1-color\"><strong>Seg\u00fan su propiedad<\/strong><br><\/mark><strong><br>Cookies propias:<\/strong> Son gestionadas directamente por el editor del sitio web.<br><strong>Cookies de terceros:<\/strong> Son gestionadas por servicios externos o proveedores ajenos al editor.<br><br><mark style=\"background-color:rgba(0, 0, 0, 0)\" class=\"has-inline-color has-ast-global-color-1-color\"><strong>Seg\u00fan su duraci\u00f3n<\/strong><br><\/mark><strong><br>Cookies de sesi\u00f3n:<\/strong> Se eliminan al cerrar el navegador.<br><strong>Cookies persistentes:<\/strong> Permanecen almacenadas en el dispositivo del usuario durante un tiempo determinado.<\/p><\/div><\/div>\n<\/div>\n<\/div><\/div>\n\n\n\n<div class=\"wp-block-uagb-container uagb-block-d5c0510b alignfull uagb-is-root-container\"><div class=\"uagb-container-inner-blocks-wrap\">\n<div class=\"wp-block-uagb-info-box uagb-block-76352717 uagb-infobox__content-wrap  uagb-infobox-icon-above-title uagb-infobox-image-valign-top\"><div class=\"uagb-ifb-content\"><div class=\"uagb-ifb-title-wrap\"><h3 class=\"uagb-ifb-title\"><em>COOKIES UTILIZADAS EN ESTE SITIO WEB<\/em><\/h3><\/div><p class=\"uagb-ifb-desc\">En esta p\u00e1gina web se utilizan cookies t\u00e9cnicas para garantizar su correcto funcionamiento y mejorar la experiencia del usuario. Adem\u00e1s, se pueden usar cookies anal\u00edticas y de publicidad, siempre bajo el consentimiento previo del usuario.<\/p><\/div><\/div>\n<\/div><\/div>\n\n\n\n<div class=\"wp-block-uagb-container uagb-block-c52abd47 alignfull uagb-is-root-container\"><div class=\"uagb-container-inner-blocks-wrap\">\n<div class=\"wp-block-uagb-container uagb-block-65c25675\">\n<div class=\"wp-block-uagb-info-box uagb-block-86bb29e6 uagb-infobox__content-wrap  uagb-infobox-icon-above-title uagb-infobox-image-valign-top\"><div class=\"uagb-ifb-content\"><div class=\"uagb-ifb-title-wrap\"><h3 class=\"uagb-ifb-title\">C\u00d3MO CONFIGURAR O ELIMINAR LAS COOKIES<\/h3><\/div><p class=\"uagb-ifb-desc\">El usuario puede configurar o desactivar el uso de cookies desde su navegador en cualquier momento. A continuaci\u00f3n, se incluyen enlaces para la gesti\u00f3n de cookies en los navegadores m\u00e1s comunes:<br><a href=\"http:\/\/support.google.com\/chrome\/answer\/95647?hl=es\">&#8211; Google Chrome<\/a><br><a href=\"https:\/\/support.microsoft.com\/es-es\/microsoft-edge\/eliminar-las-cookies-en-microsoft-edge-63947406-40ac-c3b8-57b9-2a946a29ae09\"><\/a><a href=\"http:\/\/support.google.com\/chrome\/answer\/95647?hl=es\">&#8211; <\/a>Microsoft Edge<br><a href=\"https:\/\/support.microsoft.com\/es-es\/help\/278835\/how-to-delete-cookie-files-in-internet-explorer\"><\/a><a href=\"http:\/\/support.google.com\/chrome\/answer\/95647?hl=es\">&#8211; <\/a>Internet Explorer<br><a href=\"http:\/\/support.google.com\/chrome\/answer\/95647?hl=es\">&#8211; <\/a><a href=\"https:\/\/www.mozilla.org\/es-ES\/privacy\/websites\/#cookies\">Mozilla Firefox<\/a><br><a href=\"http:\/\/support.google.com\/chrome\/answer\/95647?hl=es\">&#8211; <\/a><a href=\"https:\/\/support.apple.com\/es-es\/guide\/safari\/sfri11471\/mac\">Safari<\/a><br><a href=\"http:\/\/support.google.com\/chrome\/answer\/95647?hl=es\">&#8211; <\/a><a href=\"https:\/\/help.opera.com\/en\/latest\/security-and-privacy\/#clearBrowsingData\">Opera<\/a><\/p><\/div><\/div>\n<\/div>\n<\/div><\/div>\n\n\n\n<div class=\"wp-block-uagb-container uagb-block-c3d354b7 alignfull uagb-is-root-container\"><div class=\"uagb-container-inner-blocks-wrap\">\n<div class=\"wp-block-uagb-info-box uagb-block-ca346057 uagb-infobox__content-wrap  uagb-infobox-icon-above-title uagb-infobox-image-valign-top\"><div class=\"uagb-ifb-content\"><div class=\"uagb-ifb-title-wrap\"><h3 class=\"uagb-ifb-title\">TRATAMIENTO DE DATOS PERSONALES<\/h3><\/div><p class=\"uagb-ifb-desc\"><strong>Cascamorras Cave<\/strong>, en adelante \u00abEL RESPONSABLE\u00bb, es el encargado del tratamiento de los datos personales recogidos mediante cookies, conforme a lo dispuesto en el GDPR.<br><strong>Finalidad del tratamiento:<\/strong> Analizar y mejorar la experiencia del usuario y ofrecer servicios personalizados.<br><strong>Legitimaci\u00f3n del tratamiento:<\/strong> Consentimiento del usuario o cumplimiento de obligaciones legales.<br><strong>Conservaci\u00f3n de los datos:<\/strong> Seg\u00fan el tipo de cookie, el plazo ser\u00e1 el especificado en el apartado anterior.<br><strong>Comunicaci\u00f3n de datos:<\/strong> No se compartir\u00e1n datos con terceros, salvo en cookies de terceros o por exigencia legal.<br><br><mark style=\"background-color:rgba(0, 0, 0, 0)\" class=\"has-inline-color has-ast-global-color-1-color\">Derechos del usuario<br><\/mark><br>El usuario tiene derecho a:<br>Retirar su consentimiento en cualquier momento.<br>Acceder, rectificar, suprimir y portar sus datos.<br>Limitar u oponerse al tratamiento de sus datos.<br>Presentar una reclamaci\u00f3n ante la Agencia Espa\u00f1ola de Protecci\u00f3n de Datos (<a>www.aepd.es<\/a>) si considera que sus derechos han sido vulnerados.<br>Para ejercer estos derechos, puede contactar a trav\u00e9s del correo electr\u00f3nico <strong>info@cuevacascamorras.com<\/strong>.o por correo postal en la direcci\u00f3n:<a href=\"https:\/\/www.google.com\/maps\/place\/\/data=!4m2!3m1!1s0xd6fe9279a2b9f43:0x20c3e09b9203716d?sa=X&amp;ved=1t:8290&amp;ictx=111\"> barrio Perchel, Pol\u00edgono 13, parcela 359, 18800 Baza, Granada<\/a><br><\/p><\/div><\/div>\n<\/div><\/div>\n\n\n\n<div class=\"wp-block-uagb-container uagb-block-3c550fe9 alignfull uagb-is-root-container\"><div class=\"uagb-container-inner-blocks-wrap\">\n<div class=\"wp-block-uagb-container uagb-block-a83e7d4f\">\n<div class=\"wp-block-uagb-info-box uagb-block-63e45855 uagb-infobox__content-wrap  uagb-infobox-icon-above-title uagb-infobox-image-valign-top\"><div class=\"uagb-ifb-content\"><div class=\"uagb-ifb-title-wrap\"><h3 class=\"uagb-ifb-title\">CONTACTO<\/h3><\/div><p class=\"uagb-ifb-desc\">Para cualquier consulta sobre esta pol\u00edtica de cookies, puede escribirnos a  <strong>info@cuevacascamorras.com<\/strong><\/p><\/div><\/div>\n<\/div>\n<\/div><\/div>\n\n\n\n<div class=\"wp-block-uagb-container uagb-block-63564a38 alignfull uagb-is-root-container\"><div class=\"uagb-container-inner-blocks-wrap\">\n<div class=\"wp-block-uagb-info-box uagb-block-9c82b37e uagb-infobox__content-wrap  uagb-infobox-icon-above-title uagb-infobox-image-valign-top\"><div class=\"uagb-ifb-content\"><div class=\"uagb-ifb-title-wrap\"><span class=\"uagb-ifb-title-prefix\">Do you dare to meet Cascamorras? \ud83d\udda4\ud83c\udfad\ud83d\udc63\u270b\ud83c\udfff\ud83e\udd1a\ud83c\udfff<\/span><h2 class=\"uagb-ifb-title\">In <em>Cascamorras Cave<\/em> You're not just staying here, you're experiencing the true essence of Baza and its history! \ud83d\udcab\ud83d\udda4\u270b\ud83c\udfff\ud83e\udd1a\ud83c\udfff<\/h2><\/div><\/div><\/div>\n<\/div><\/div>\n\n\n\n<div class=\"wp-block-uagb-container uagb-block-625fb0d3 alignfull uagb-is-root-container\"><div class=\"uagb-container-inner-blocks-wrap\">\n<div class=\"wp-block-uagb-info-box uagb-block-bff49d32 uagb-infobox__content-wrap  uagb-infobox-icon-above-title uagb-infobox-image-valign-top\"><div class=\"uagb-ifb-content\"><div class=\"uagb-ifb-title-wrap\"><span class=\"uagb-ifb-title-prefix\">Exclusive discount! <\/span><h2 class=\"uagb-ifb-title\">Exclusive discount!\nTake advantage of 15% off your next mid-stay booking and<br> Exclusive discount!\nTake advantage of 15% off your next mid-stay booking and<\/h2><\/div><\/div><\/div>\n\n\n\n<div class=\"wp-block-uagb-info-box uagb-block-ddde12bb uagb-infobox__content-wrap  uagb-infobox-icon-above-title uagb-infobox-image-valign-top\"><div class=\"uagb-ifb-content\"><div class=\"uagb-ifb-title-wrap\"><span class=\"uagb-ifb-title-prefix\"> Don't miss it!<\/span><h2 class=\"uagb-ifb-title\">for a limited time only! <\/h2><\/div><\/div><\/div>\n<\/div><\/div>\n\n\n\n<p><\/p>","protected":false},"excerpt":{"rendered":"","protected":false},"author":5,"featured_media":0,"parent":0,"menu_order":22,"comment_status":"closed","ping_status":"closed","template":"","meta":{"_surecart_dashboard_logo_width":"180px","_surecart_dashboard_show_logo":true,"_surecart_dashboard_navigation_orders":true,"_surecart_dashboard_navigation_invoices":true,"_surecart_dashboard_navigation_subscriptions":true,"_surecart_dashboard_navigation_downloads":true,"_surecart_dashboard_navigation_billing":true,"_surecart_dashboard_navigation_account":true,"_uag_custom_page_level_css":"","site-sidebar-layout":"default","site-content-layout":"","ast-site-content-layout":"normal-width-container","site-content-style":"default","site-sidebar-style":"default","ast-global-header-display":"","ast-banner-title-visibility":"disabled","ast-main-header-display":"","ast-hfb-above-header-display":"","ast-hfb-below-header-display":"","ast-hfb-mobile-header-display":"","site-post-title":"disabled","ast-breadcrumbs-content":"","ast-featured-img":"","footer-sml-layout":"","theme-transparent-header-meta":"enabled","adv-header-id-meta":"","stick-header-meta":"","header-above-stick-meta":"","header-main-stick-meta":"","header-below-stick-meta":"","astra-migrate-meta-layouts":"","ast-page-background-enabled":"default","ast-page-background-meta":{"desktop":{"background-color":"var(--ast-global-color-4)","background-image":"","background-repeat":"repeat","background-position":"center center","background-size":"auto","background-attachment":"scroll","background-type":"","background-media":"","overlay-type":"","overlay-color":"","overlay-opacity":"","overlay-gradient":""},"tablet":{"background-color":"","background-image":"","background-repeat":"repeat","background-position":"center center","background-size":"auto","background-attachment":"scroll","background-type":"","background-media":"","overlay-type":"","overlay-color":"","overlay-opacity":"","overlay-gradient":""},"mobile":{"background-color":"","background-image":"","background-repeat":"repeat","background-position":"center center","background-size":"auto","background-attachment":"scroll","background-type":"","background-media":"","overlay-type":"","overlay-color":"","overlay-opacity":"","overlay-gradient":""}},"ast-content-background-meta":{"desktop":{"background-color":"var(--ast-global-color-5)","background-image":"","background-repeat":"repeat","background-position":"center center","background-size":"auto","background-attachment":"scroll","background-type":"","background-media":"","overlay-type":"","overlay-color":"","overlay-opacity":"","overlay-gradient":""},"tablet":{"background-color":"var(--ast-global-color-5)","background-image":"","background-repeat":"repeat","background-position":"center center","background-size":"auto","background-attachment":"scroll","background-type":"","background-media":"","overlay-type":"","overlay-color":"","overlay-opacity":"","overlay-gradient":""},"mobile":{"background-color":"var(--ast-global-color-5)","background-image":"","background-repeat":"repeat","background-position":"center center","background-size":"auto","background-attachment":"scroll","background-type":"","background-media":"","overlay-type":"","overlay-color":"","overlay-opacity":"","overlay-gradient":""}},"ngg_post_thumbnail":0,"footnotes":""},"class_list":["post-3192","page","type-page","status-publish","hentry"],"yoast_head":"<!-- This site is optimized with the Yoast SEO plugin v25.1 - https:\/\/yoast.com\/wordpress\/plugins\/seo\/ -->\n<title>Cookies - CUEVA CASCAMORRAS<\/title>\n<meta name=\"robots\" content=\"index, follow, max-snippet:-1, max-image-preview:large, max-video-preview:-1\" \/>\n<link rel=\"canonical\" href=\"https:\/\/cascamorras.org\/en\/cookies-cueva-cascamorras\/\" \/>\n<meta property=\"og:locale\" content=\"en_US\" \/>\n<meta property=\"og:type\" content=\"article\" \/>\n<meta property=\"og:title\" content=\"Cookies - CUEVA CASCAMORRAS\" \/>\n<meta property=\"og:url\" content=\"https:\/\/cascamorras.org\/en\/cookies-cueva-cascamorras\/\" \/>\n<meta property=\"og:site_name\" content=\"CUEVA CASCAMORRAS\" \/>\n<meta property=\"article:modified_time\" content=\"2025-01-27T08:25:21+00:00\" \/>\n<meta name=\"twitter:card\" content=\"summary_large_image\" \/>\n<meta name=\"twitter:label1\" content=\"Est. reading time\" \/>\n\t<meta name=\"twitter:data1\" content=\"3 minutes\" \/>\n<script type=\"application\/ld+json\" class=\"yoast-schema-graph\">{\"@context\":\"https:\/\/schema.org\",\"@graph\":[{\"@type\":\"WebPage\",\"@id\":\"https:\/\/cascamorras.org\/cookies-cueva-cascamorras\/\",\"url\":\"https:\/\/cascamorras.org\/cookies-cueva-cascamorras\/\",\"name\":\"Cookies - CUEVA CASCAMORRAS\",\"isPartOf\":{\"@id\":\"https:\/\/cascamorras.org\/#website\"},\"datePublished\":\"2025-01-20T22:31:49+00:00\",\"dateModified\":\"2025-01-27T08:25:21+00:00\",\"breadcrumb\":{\"@id\":\"https:\/\/cascamorras.org\/cookies-cueva-cascamorras\/#breadcrumb\"},\"inLanguage\":\"en-US\",\"potentialAction\":[{\"@type\":\"ReadAction\",\"target\":[\"https:\/\/cascamorras.org\/cookies-cueva-cascamorras\/\"]}]},{\"@type\":\"BreadcrumbList\",\"@id\":\"https:\/\/cascamorras.org\/cookies-cueva-cascamorras\/#breadcrumb\",\"itemListElement\":[{\"@type\":\"ListItem\",\"position\":1,\"name\":\"Portada\",\"item\":\"https:\/\/cascamorras.org\/\"},{\"@type\":\"ListItem\",\"position\":2,\"name\":\"Cookies\"}]},{\"@type\":\"WebSite\",\"@id\":\"https:\/\/cascamorras.org\/#website\",\"url\":\"https:\/\/cascamorras.org\/\",\"name\":\"CUEVA CASCAMORRAS\",\"description\":\"Cueva Cascamorras es un alojamiento rural \u00fanico en Baza (Granada), donde historia y confort se fusionan. Vive la magia de dormir en una cueva aut\u00e9ntica con todas las comodidades. \u00a1Un refugio lleno de encanto!\",\"publisher\":{\"@id\":\"https:\/\/cascamorras.org\/#\/schema\/person\/f6feb02bbb20c240a3989c4d29108235\"},\"potentialAction\":[{\"@type\":\"SearchAction\",\"target\":{\"@type\":\"EntryPoint\",\"urlTemplate\":\"https:\/\/cascamorras.org\/?s={search_term_string}\"},\"query-input\":{\"@type\":\"PropertyValueSpecification\",\"valueRequired\":true,\"valueName\":\"search_term_string\"}}],\"inLanguage\":\"en-US\"},{\"@type\":[\"Person\",\"Organization\"],\"@id\":\"https:\/\/cascamorras.org\/#\/schema\/person\/f6feb02bbb20c240a3989c4d29108235\",\"name\":\"SANTI VALERO SANCHEZ\",\"image\":{\"@type\":\"ImageObject\",\"inLanguage\":\"en-US\",\"@id\":\"https:\/\/cascamorras.org\/#\/schema\/person\/image\/\",\"url\":\"https:\/\/cascamorras.org\/wp-content\/uploads\/2025\/02\/Logo-Cueva-Cascamorras-positivo-scaled.jpg\",\"contentUrl\":\"https:\/\/cascamorras.org\/wp-content\/uploads\/2025\/02\/Logo-Cueva-Cascamorras-positivo-scaled.jpg\",\"width\":2560,\"height\":2515,\"caption\":\"SANTI VALERO SANCHEZ\"},\"logo\":{\"@id\":\"https:\/\/cascamorras.org\/#\/schema\/person\/image\/\"}}]}<\/script>\n<!-- \/ Yoast SEO plugin. -->","yoast_head_json":{"title":"Cookies - CUEVA CASCAMORRAS","robots":{"index":"index","follow":"follow","max-snippet":"max-snippet:-1","max-image-preview":"max-image-preview:large","max-video-preview":"max-video-preview:-1"},"canonical":"https:\/\/cascamorras.org\/en\/cookies-cueva-cascamorras\/","og_locale":"en_US","og_type":"article","og_title":"Cookies - CUEVA CASCAMORRAS","og_url":"https:\/\/cascamorras.org\/en\/cookies-cueva-cascamorras\/","og_site_name":"CUEVA CASCAMORRAS","article_modified_time":"2025-01-27T08:25:21+00:00","twitter_card":"summary_large_image","twitter_misc":{"Est. reading time":"3 minutes"},"schema":{"@context":"https:\/\/schema.org","@graph":[{"@type":"WebPage","@id":"https:\/\/cascamorras.org\/cookies-cueva-cascamorras\/","url":"https:\/\/cascamorras.org\/cookies-cueva-cascamorras\/","name":"Cookies - CUEVA CASCAMORRAS","isPartOf":{"@id":"https:\/\/cascamorras.org\/#website"},"datePublished":"2025-01-20T22:31:49+00:00","dateModified":"2025-01-27T08:25:21+00:00","breadcrumb":{"@id":"https:\/\/cascamorras.org\/cookies-cueva-cascamorras\/#breadcrumb"},"inLanguage":"en-US","potentialAction":[{"@type":"ReadAction","target":["https:\/\/cascamorras.org\/cookies-cueva-cascamorras\/"]}]},{"@type":"BreadcrumbList","@id":"https:\/\/cascamorras.org\/cookies-cueva-cascamorras\/#breadcrumb","itemListElement":[{"@type":"ListItem","position":1,"name":"Portada","item":"https:\/\/cascamorras.org\/"},{"@type":"ListItem","position":2,"name":"Cookies"}]},{"@type":"WebSite","@id":"https:\/\/cascamorras.org\/#website","url":"https:\/\/cascamorras.org\/","name":"CUEVA CASCAMORRAS","description":"Cueva Cascamorras es un alojamiento rural \u00fanico en Baza (Granada), donde historia y confort se fusionan. Vive la magia de dormir en una cueva aut\u00e9ntica con todas las comodidades. \u00a1Un refugio lleno de encanto!","publisher":{"@id":"https:\/\/cascamorras.org\/#\/schema\/person\/f6feb02bbb20c240a3989c4d29108235"},"potentialAction":[{"@type":"SearchAction","target":{"@type":"EntryPoint","urlTemplate":"https:\/\/cascamorras.org\/?s={search_term_string}"},"query-input":{"@type":"PropertyValueSpecification","valueRequired":true,"valueName":"search_term_string"}}],"inLanguage":"en-US"},{"@type":["Person","Organization"],"@id":"https:\/\/cascamorras.org\/#\/schema\/person\/f6feb02bbb20c240a3989c4d29108235","name":"SANTI VALERO SANCHEZ","image":{"@type":"ImageObject","inLanguage":"en-US","@id":"https:\/\/cascamorras.org\/#\/schema\/person\/image\/","url":"https:\/\/cascamorras.org\/wp-content\/uploads\/2025\/02\/Logo-Cueva-Cascamorras-positivo-scaled.jpg","contentUrl":"https:\/\/cascamorras.org\/wp-content\/uploads\/2025\/02\/Logo-Cueva-Cascamorras-positivo-scaled.jpg","width":2560,"height":2515,"caption":"SANTI VALERO SANCHEZ"},"logo":{"@id":"https:\/\/cascamorras.org\/#\/schema\/person\/image\/"}}]}},"uagb_featured_image_src":{"full":false,"thumbnail":false,"medium":false,"medium_large":false,"large":false,"1536x1536":false,"2048x2048":false,"trp-custom-language-flag":false},"uagb_author_info":{"display_name":"SANTI VALERO SANCHEZ","author_link":"https:\/\/cascamorras.org\/en\/author\/santi\/"},"uagb_comment_info":0,"uagb_excerpt":null,"_links":{"self":[{"href":"https:\/\/cascamorras.org\/en\/wp-json\/wp\/v2\/pages\/3192","targetHints":{"allow":["GET"]}}],"collection":[{"href":"https:\/\/cascamorras.org\/en\/wp-json\/wp\/v2\/pages"}],"about":[{"href":"https:\/\/cascamorras.org\/en\/wp-json\/wp\/v2\/types\/page"}],"author":[{"embeddable":true,"href":"https:\/\/cascamorras.org\/en\/wp-json\/wp\/v2\/users\/5"}],"replies":[{"embeddable":true,"href":"https:\/\/cascamorras.org\/en\/wp-json\/wp\/v2\/comments?post=3192"}],"version-history":[{"count":8,"href":"https:\/\/cascamorras.org\/en\/wp-json\/wp\/v2\/pages\/3192\/revisions"}],"predecessor-version":[{"id":3428,"href":"https:\/\/cascamorras.org\/en\/wp-json\/wp\/v2\/pages\/3192\/revisions\/3428"}],"wp:attachment":[{"href":"https:\/\/cascamorras.org\/en\/wp-json\/wp\/v2\/media?parent=3192"}],"curies":[{"name":"wp","href":"https:\/\/api.w.org\/{rel}","templated":true}]}}