{"id":3791,"date":"2025-02-05T09:45:23","date_gmt":"2025-02-05T08:45:23","guid":{"rendered":"https:\/\/cuevacascamorras.com\/?page_id=3791"},"modified":"2025-02-07T14:14:11","modified_gmt":"2025-02-07T13:14:11","slug":"reserva-actividades-online-cueva-cascamorras","status":"publish","type":"page","link":"https:\/\/cascamorras.org\/en\/entorno-cueva-cascamorras\/reserva-actividades-online-cueva-cascamorras\/","title":{"rendered":"Book activities online"},"content":{"rendered":"<div class=\"wp-block-uagb-container uagb-block-ad39d8c1 alignfull uagb-is-root-container\"><div class=\"uagb-container-inner-blocks-wrap\">\n<div class=\"wp-block-uagb-info-box uagb-block-0eab1ec7 uagb-infobox__content-wrap  uagb-infobox-icon-above-title uagb-infobox-image-valign-top\"><div class=\"uagb-ifb-content\"><div class=\"uagb-ifb-title-wrap\"><span class=\"uagb-ifb-title-prefix\">Descubre la Cultura y Tradici\u00f3n en Vivo<\/span><h1 class=\"uagb-ifb-title\">Reserva actividades que te acercan a los secretos de la regi\u00f3n y su rica herencia cultural<\/h1><\/div><\/div><\/div>\n<\/div><\/div>\n\n\n\n<div class=\"wp-block-uagb-container uagb-block-1ce25ae0 alignfull uagb-is-root-container\">\n<div class=\"wp-block-uagb-info-box uagb-block-d09c66d4 uagb-infobox__content-wrap  uagb-infobox-icon-above-title uagb-infobox-image-valign-top\"><div class=\"uagb-ifb-content\"><div class=\"uagb-ifb-title-wrap\"><h3 class=\"uagb-ifb-title\"><strong>\u00a1Visitas guiadas a la Alhambra de Granada!<\/strong><\/h3><\/div><p class=\"uagb-ifb-desc\"><strong>\u00a1Descubre la magia de la Alhambra de Granada con visitas guiadas! Te invitamos a sumergirte en la historia y el misterio de este emblem\u00e1tico monumento, declarado Patrimonio de la Humanidad, de una manera \u00fanica y cercana. <\/strong><br><br><strong>Con gu\u00edas expertos te acompa\u00f1ar\u00e1 por cada rinc\u00f3n de la Alhambra, revel\u00e1ndote an\u00e9cdotas, secretos y detalles que hacen de este lugar un destino inolvidable. Es la oportunidad perfecta para conectar con la esencia de Granada y vivir una experiencia enriquecedora y llena de inspiraci\u00f3n. <\/strong><br><strong>\u00a1Reserva tu visita y d\u00e9jate cautivar por la grandeza de la Alhambra!<\/strong><a href=\"javascript:void(0)\"> <\/a><br><br><a href=\"javascript:void(0)\">\u2605\u2605\u2605\u2605\u2605<br>3958 opiniones<\/a><br><br>Desde 38&nbsp;\u20acpor persona<\/p><\/div><\/div>\n<\/div>\n\n\n<p><script type=\"text\/javascript\" src=\"https:\/\/cloud.mireservaonline.es\/javascript-responsive\/iframeEmpresasYAfiliados.js\"><\/script><script type=\"text\/javascript\">mroa25_pintaIframeServicio('https:\/\/www.mireservaonline.es\/es\/multi\/alhambra.aspx','kqjliliqhiolkmqjnmqqhqhkrrklklikmq','3', 1, undefined, 2, 2);<\/script><\/p>\n\n\n\n<div class=\"wp-block-uagb-container uagb-block-22e2af15 alignfull uagb-is-root-container\">\n<div class=\"wp-block-uagb-info-box uagb-block-cf0f4800 uagb-infobox__content-wrap  uagb-infobox-icon-above-title uagb-infobox-image-valign-top\"><div class=\"uagb-ifb-content\"><div class=\"uagb-ifb-title-wrap\"><h3 class=\"uagb-ifb-title\"><strong>\u00a1Flamenco en Granada!<\/strong><\/h3><\/div><p class=\"uagb-ifb-desc\">Descubre la esencia del arte flamenco en Granada,&nbsp;una experiencia cultural \u00fanica e inolvidable. Sum\u00e9rgete en el coraz\u00f3n de Andaluc\u00eda reservando entradas para los m\u00e1s emocionantes tablaos flamencos y zambras en el emblem\u00e1tico barrio del Sacromonte y otras ubicaciones ic\u00f3nicas de Granada.<br><br>Nuestro servicio ofrece una selecci\u00f3n cuidadosamente curada de espect\u00e1culos flamencos que capturan la verdadera pasi\u00f3n y el alma de este arte declarado Patrimonio Cultural Inmaterial de la Humanidad por la UNESCO. Desde las \u00edntimas zambras en las tradicionales cuevas de Sacromonte hasta las apasionantes actuaciones en los tablaos del hist\u00f3rico Albaic\u00edn, cada espect\u00e1culo es una ventana a la rica historia y vibrante cultura andaluza.<br><br>Con facilidad de reserva, garant\u00eda de los mejores asientos y una atenci\u00f3n al cliente sin igual, aseguramos que tu experiencia sea tan apasionante como el flamenco mismo. Explora horarios, lee rese\u00f1as detalladas, y elige entre una variedad de opciones que se ajusten a tus planes de viaje y preferencias. Ya sea que busques una noche rom\u00e1ntica, una experiencia cultural profunda o simplemente disfrutar del arte flamenco en su m\u00e1xima expresi\u00f3n, tenemos algo especial para ti.<br><br>No dejes pasar la oportunidad de vivir el flamenco en Granada, una ciudad donde la tradici\u00f3n se encuentra con el arte en cada esquina. Reserva tu entrada hoy y prep\u00e1rate para ser cautivado por el duende flamenco en una de las ciudades m\u00e1s bellas de Espa\u00f1a.<br><br><br><a href=\"javascript:void(0)\">\u2605\u2605\u2605\u2605\u2605<br>1975 opiniones<\/a> <br><br>Desde 17&nbsp;\u20acpor persona<\/p><\/div><\/div>\n<\/div>\n\n\n<p><script type=\"text\/javascript\" src=\"https:\/\/cloud.mireservaonline.es\/javascript-responsive\/iframeEmpresasYAfiliados.js\"><\/script><script type=\"text\/javascript\">mroa25_pintaIframeServicio('https:\/\/www.mireservaonline.es\/es\/multi\/flamenco-granada.aspx','kqjliliqhiolkmqjnmqqhqhkrrklklikmq','3', 1, undefined, 2, 2);<\/script><\/p>\n\n\n\n<div class=\"wp-block-uagb-container uagb-block-c6edf197 alignfull uagb-is-root-container\">\n<div class=\"wp-block-uagb-info-box uagb-block-42136d5e uagb-infobox__content-wrap  uagb-infobox-icon-above-title uagb-infobox-image-valign-top\"><div class=\"uagb-ifb-content\"><div class=\"uagb-ifb-title-wrap\"><h3 class=\"uagb-ifb-title\"><strong>\u00a1<strong>Conclusi\u00f3n<\/strong> del Entorno de <a href=\"https:\/\/cascamorras.org\/en\/\">Cueva Cascamorras!<\/a><\/strong><\/h3><\/div><p class=\"uagb-ifb-desc\">La regi\u00f3n que rodea <strong>Cascamorras Cave<\/strong> ofrece una diversidad de experiencias:<br><br>&#8211; <strong>Naturaleza y Aventura:<\/strong> Rutas, miradores, senderismo, ciclismo, deportes acu\u00e1ticos y termales.<br><strong>&#8211; Cultura e Historia:<\/strong> Museos, yacimientos arqueol\u00f3gicos, iglesias, monumentos y rutas interpretativas.<br><strong>&#8211; Festividades y Tradiciones:<\/strong> Eventos como la Fiesta del Cascamorras, Feria de Baza, Semana Santa, Cruces de Mayo y otros festivales culturales y deportivos.<br><strong>&#8211; Turismo Tem\u00e1tico:<\/strong> Recorridos teatralizados, rutas geotur\u00edsticas y experiencias en globo, kayak y equitaci\u00f3n.<br><strong>&#8211; Informaci\u00f3n y Servicios Tur\u00edsticos:<\/strong> Amplia oferta de oficinas, centros de interpretaci\u00f3n y empresas tur\u00edsticas que te ayudar\u00e1n a planificar tu visita.<br><br>Planifica tu visita, consulta los contactos y disfruta de un entorno que combina historia, naturaleza y cultura en un espacio singular. <br>\u00a1Te esperamos en <strong>Cascamorras Cave<\/strong> para que vivas una experiencia inolvidable!<br><\/p><\/div><\/div>\n<\/div>\n\n\n\n<div class=\"wp-block-uagb-container uagb-block-63564a38 alignfull uagb-is-root-container\"><div class=\"uagb-container-inner-blocks-wrap\">\n<div class=\"wp-block-uagb-info-box uagb-block-9c82b37e uagb-infobox__content-wrap  uagb-infobox-icon-above-title uagb-infobox-image-valign-top\"><div class=\"uagb-ifb-content\"><div class=\"uagb-ifb-title-wrap\"><span class=\"uagb-ifb-title-prefix\">Do you dare to meet Cascamorras? \ud83d\udda4\ud83c\udfad\ud83d\udc63\u270b\ud83c\udfff\ud83e\udd1a\ud83c\udfff<\/span><h2 class=\"uagb-ifb-title\">In <em>Cave <\/em><a href=\"https:\/\/cascamorras.org\/en\/\"><em>Cascamorras<\/em> <\/a>no solo te alojas, <br>\u00a1vives la aut\u00e9ntica esencia de <a href=\"http:\/\/www.bazaturismo.com\">Baza <\/a>y su historia! \ud83d\udcab\ud83d\udda4\u270b\ud83c\udfff\ud83e\udd1a\ud83c\udfff<\/h2><\/div><\/div><\/div>\n<\/div><\/div>\n\n\n\n<div class=\"wp-block-uagb-container uagb-block-625fb0d3 alignfull uagb-is-root-container\"><div class=\"uagb-container-inner-blocks-wrap\">\n<div class=\"wp-block-uagb-info-box uagb-block-bff49d32 uagb-infobox__content-wrap  uagb-infobox-icon-above-title uagb-infobox-image-valign-top\"><div class=\"uagb-ifb-content\"><div class=\"uagb-ifb-title-wrap\"><span class=\"uagb-ifb-title-prefix\">Exclusive discount! <\/span><h2 class=\"uagb-ifb-title\">Exclusive discount!\nTake advantage of 15% off your next mid-stay booking and<br> Exclusive discount!\nTake advantage of 15% off your next mid-stay booking and<\/h2><\/div><\/div><\/div>\n\n\n\n<div class=\"wp-block-uagb-info-box uagb-block-ddde12bb uagb-infobox__content-wrap  uagb-infobox-icon-above-title uagb-infobox-image-valign-top\"><div class=\"uagb-ifb-content\"><div class=\"uagb-ifb-title-wrap\"><span class=\"uagb-ifb-title-prefix\"> Don't miss it!<\/span><h2 class=\"uagb-ifb-title\">for a limited time only! <\/h2><\/div><\/div><\/div>\n<\/div><\/div>","protected":false},"excerpt":{"rendered":"","protected":false},"author":5,"featured_media":0,"parent":2477,"menu_order":11,"comment_status":"closed","ping_status":"closed","template":"","meta":{"_surecart_dashboard_logo_width":"180px","_surecart_dashboard_show_logo":true,"_surecart_dashboard_navigation_orders":true,"_surecart_dashboard_navigation_invoices":true,"_surecart_dashboard_navigation_subscriptions":true,"_surecart_dashboard_navigation_downloads":true,"_surecart_dashboard_navigation_billing":true,"_surecart_dashboard_navigation_account":true,"_uag_custom_page_level_css":"","site-sidebar-layout":"default","site-content-layout":"","ast-site-content-layout":"normal-width-container","site-content-style":"default","site-sidebar-style":"default","ast-global-header-display":"","ast-banner-title-visibility":"disabled","ast-main-header-display":"","ast-hfb-above-header-display":"","ast-hfb-below-header-display":"","ast-hfb-mobile-header-display":"","site-post-title":"disabled","ast-breadcrumbs-content":"","ast-featured-img":"","footer-sml-layout":"","theme-transparent-header-meta":"enabled","adv-header-id-meta":"","stick-header-meta":"","header-above-stick-meta":"","header-main-stick-meta":"","header-below-stick-meta":"","astra-migrate-meta-layouts":"","ast-page-background-enabled":"default","ast-page-background-meta":{"desktop":{"background-color":"var(--ast-global-color-4)","background-image":"","background-repeat":"repeat","background-position":"center center","background-size":"auto","background-attachment":"scroll","background-type":"","background-media":"","overlay-type":"","overlay-color":"","overlay-opacity":"","overlay-gradient":""},"tablet":{"background-color":"","background-image":"","background-repeat":"repeat","background-position":"center center","background-size":"auto","background-attachment":"scroll","background-type":"","background-media":"","overlay-type":"","overlay-color":"","overlay-opacity":"","overlay-gradient":""},"mobile":{"background-color":"","background-image":"","background-repeat":"repeat","background-position":"center center","background-size":"auto","background-attachment":"scroll","background-type":"","background-media":"","overlay-type":"","overlay-color":"","overlay-opacity":"","overlay-gradient":""}},"ast-content-background-meta":{"desktop":{"background-color":"var(--ast-global-color-5)","background-image":"","background-repeat":"repeat","background-position":"center center","background-size":"auto","background-attachment":"scroll","background-type":"","background-media":"","overlay-type":"","overlay-color":"","overlay-opacity":"","overlay-gradient":""},"tablet":{"background-color":"var(--ast-global-color-5)","background-image":"","background-repeat":"repeat","background-position":"center center","background-size":"auto","background-attachment":"scroll","background-type":"","background-media":"","overlay-type":"","overlay-color":"","overlay-opacity":"","overlay-gradient":""},"mobile":{"background-color":"var(--ast-global-color-5)","background-image":"","background-repeat":"repeat","background-position":"center center","background-size":"auto","background-attachment":"scroll","background-type":"","background-media":"","overlay-type":"","overlay-color":"","overlay-opacity":"","overlay-gradient":""}},"ngg_post_thumbnail":0,"footnotes":""},"class_list":["post-3791","page","type-page","status-publish","hentry"],"yoast_head":"<!-- This site is optimized with the Yoast SEO plugin v25.1 - https:\/\/yoast.com\/wordpress\/plugins\/seo\/ -->\n<title>Reserva actividades online - CUEVA CASCAMORRAS reserva actividades online cascamorras<\/title>\n<meta name=\"description\" content=\"Reserva actividades \u00fanicas en la Cueva Cascamorras f\u00e1cilmente en l\u00ednea. \u00a1Reserva ahora y aseg\u00farate tu aventura!\" \/>\n<meta name=\"robots\" content=\"index, follow, max-snippet:-1, max-image-preview:large, max-video-preview:-1\" \/>\n<link rel=\"canonical\" href=\"https:\/\/cascamorras.org\/en\/entorno-cueva-cascamorras\/reserva-actividades-online-cueva-cascamorras\/\" \/>\n<meta property=\"og:locale\" content=\"en_US\" \/>\n<meta property=\"og:type\" content=\"article\" \/>\n<meta property=\"og:title\" content=\"Reserva actividades online - CUEVA CASCAMORRAS reserva actividades online cascamorras\" \/>\n<meta property=\"og:description\" content=\"Reserva actividades \u00fanicas en la Cueva Cascamorras f\u00e1cilmente en l\u00ednea. \u00a1Reserva ahora y aseg\u00farate tu aventura!\" \/>\n<meta property=\"og:url\" content=\"https:\/\/cascamorras.org\/en\/entorno-cueva-cascamorras\/reserva-actividades-online-cueva-cascamorras\/\" \/>\n<meta property=\"og:site_name\" content=\"CUEVA CASCAMORRAS\" \/>\n<meta property=\"article:modified_time\" content=\"2025-02-07T13:14:11+00:00\" \/>\n<meta name=\"twitter:card\" content=\"summary_large_image\" \/>\n<meta name=\"twitter:label1\" content=\"Est. reading time\" \/>\n\t<meta name=\"twitter:data1\" content=\"3 minutes\" \/>\n<script type=\"application\/ld+json\" class=\"yoast-schema-graph\">{\"@context\":\"https:\/\/schema.org\",\"@graph\":[{\"@type\":\"WebPage\",\"@id\":\"https:\/\/cascamorras.org\/entorno-cueva-cascamorras\/reserva-actividades-online-cueva-cascamorras\/\",\"url\":\"https:\/\/cascamorras.org\/entorno-cueva-cascamorras\/reserva-actividades-online-cueva-cascamorras\/\",\"name\":\"Reserva actividades online - CUEVA CASCAMORRAS reserva actividades online cascamorras\",\"isPartOf\":{\"@id\":\"https:\/\/cascamorras.org\/#website\"},\"datePublished\":\"2025-02-05T08:45:23+00:00\",\"dateModified\":\"2025-02-07T13:14:11+00:00\",\"description\":\"Reserva actividades \u00fanicas en la Cueva Cascamorras f\u00e1cilmente en l\u00ednea. \u00a1Reserva ahora y aseg\u00farate tu aventura!\",\"breadcrumb\":{\"@id\":\"https:\/\/cascamorras.org\/entorno-cueva-cascamorras\/reserva-actividades-online-cueva-cascamorras\/#breadcrumb\"},\"inLanguage\":\"en-US\",\"potentialAction\":[{\"@type\":\"ReadAction\",\"target\":[\"https:\/\/cascamorras.org\/entorno-cueva-cascamorras\/reserva-actividades-online-cueva-cascamorras\/\"]}]},{\"@type\":\"BreadcrumbList\",\"@id\":\"https:\/\/cascamorras.org\/entorno-cueva-cascamorras\/reserva-actividades-online-cueva-cascamorras\/#breadcrumb\",\"itemListElement\":[{\"@type\":\"ListItem\",\"position\":1,\"name\":\"Portada\",\"item\":\"https:\/\/cascamorras.org\/\"},{\"@type\":\"ListItem\",\"position\":2,\"name\":\"Entorno\",\"item\":\"https:\/\/cascamorras.org\/entorno-cueva-cascamorras\/\"},{\"@type\":\"ListItem\",\"position\":3,\"name\":\"Reserva actividades online\"}]},{\"@type\":\"WebSite\",\"@id\":\"https:\/\/cascamorras.org\/#website\",\"url\":\"https:\/\/cascamorras.org\/\",\"name\":\"CUEVA CASCAMORRAS\",\"description\":\"Cueva Cascamorras es un alojamiento rural \u00fanico en Baza (Granada), donde historia y confort se fusionan. Vive la magia de dormir en una cueva aut\u00e9ntica con todas las comodidades. \u00a1Un refugio lleno de encanto!\",\"publisher\":{\"@id\":\"https:\/\/cascamorras.org\/#\/schema\/person\/f6feb02bbb20c240a3989c4d29108235\"},\"potentialAction\":[{\"@type\":\"SearchAction\",\"target\":{\"@type\":\"EntryPoint\",\"urlTemplate\":\"https:\/\/cascamorras.org\/?s={search_term_string}\"},\"query-input\":{\"@type\":\"PropertyValueSpecification\",\"valueRequired\":true,\"valueName\":\"search_term_string\"}}],\"inLanguage\":\"en-US\"},{\"@type\":[\"Person\",\"Organization\"],\"@id\":\"https:\/\/cascamorras.org\/#\/schema\/person\/f6feb02bbb20c240a3989c4d29108235\",\"name\":\"SANTI VALERO SANCHEZ\",\"image\":{\"@type\":\"ImageObject\",\"inLanguage\":\"en-US\",\"@id\":\"https:\/\/cascamorras.org\/#\/schema\/person\/image\/\",\"url\":\"https:\/\/cascamorras.org\/wp-content\/uploads\/2025\/02\/Logo-Cueva-Cascamorras-positivo-scaled.jpg\",\"contentUrl\":\"https:\/\/cascamorras.org\/wp-content\/uploads\/2025\/02\/Logo-Cueva-Cascamorras-positivo-scaled.jpg\",\"width\":2560,\"height\":2515,\"caption\":\"SANTI VALERO SANCHEZ\"},\"logo\":{\"@id\":\"https:\/\/cascamorras.org\/#\/schema\/person\/image\/\"}}]}<\/script>\n<!-- \/ Yoast SEO plugin. -->","yoast_head_json":{"title":"Reserva actividades online - CUEVA CASCAMORRAS reserva actividades online cascamorras","description":"Reserva actividades \u00fanicas en la Cueva Cascamorras f\u00e1cilmente en l\u00ednea. \u00a1Reserva ahora y aseg\u00farate tu aventura!","robots":{"index":"index","follow":"follow","max-snippet":"max-snippet:-1","max-image-preview":"max-image-preview:large","max-video-preview":"max-video-preview:-1"},"canonical":"https:\/\/cascamorras.org\/en\/entorno-cueva-cascamorras\/reserva-actividades-online-cueva-cascamorras\/","og_locale":"en_US","og_type":"article","og_title":"Reserva actividades online - CUEVA CASCAMORRAS reserva actividades online cascamorras","og_description":"Reserva actividades \u00fanicas en la Cueva Cascamorras f\u00e1cilmente en l\u00ednea. \u00a1Reserva ahora y aseg\u00farate tu aventura!","og_url":"https:\/\/cascamorras.org\/en\/entorno-cueva-cascamorras\/reserva-actividades-online-cueva-cascamorras\/","og_site_name":"CUEVA CASCAMORRAS","article_modified_time":"2025-02-07T13:14:11+00:00","twitter_card":"summary_large_image","twitter_misc":{"Est. reading time":"3 minutes"},"schema":{"@context":"https:\/\/schema.org","@graph":[{"@type":"WebPage","@id":"https:\/\/cascamorras.org\/entorno-cueva-cascamorras\/reserva-actividades-online-cueva-cascamorras\/","url":"https:\/\/cascamorras.org\/entorno-cueva-cascamorras\/reserva-actividades-online-cueva-cascamorras\/","name":"Reserva actividades online - CUEVA CASCAMORRAS reserva actividades online cascamorras","isPartOf":{"@id":"https:\/\/cascamorras.org\/#website"},"datePublished":"2025-02-05T08:45:23+00:00","dateModified":"2025-02-07T13:14:11+00:00","description":"Reserva actividades \u00fanicas en la Cueva Cascamorras f\u00e1cilmente en l\u00ednea. \u00a1Reserva ahora y aseg\u00farate tu aventura!","breadcrumb":{"@id":"https:\/\/cascamorras.org\/entorno-cueva-cascamorras\/reserva-actividades-online-cueva-cascamorras\/#breadcrumb"},"inLanguage":"en-US","potentialAction":[{"@type":"ReadAction","target":["https:\/\/cascamorras.org\/entorno-cueva-cascamorras\/reserva-actividades-online-cueva-cascamorras\/"]}]},{"@type":"BreadcrumbList","@id":"https:\/\/cascamorras.org\/entorno-cueva-cascamorras\/reserva-actividades-online-cueva-cascamorras\/#breadcrumb","itemListElement":[{"@type":"ListItem","position":1,"name":"Portada","item":"https:\/\/cascamorras.org\/"},{"@type":"ListItem","position":2,"name":"Entorno","item":"https:\/\/cascamorras.org\/entorno-cueva-cascamorras\/"},{"@type":"ListItem","position":3,"name":"Reserva actividades online"}]},{"@type":"WebSite","@id":"https:\/\/cascamorras.org\/#website","url":"https:\/\/cascamorras.org\/","name":"CUEVA CASCAMORRAS","description":"Cueva Cascamorras es un alojamiento rural \u00fanico en Baza (Granada), donde historia y confort se fusionan. Vive la magia de dormir en una cueva aut\u00e9ntica con todas las comodidades. \u00a1Un refugio lleno de encanto!","publisher":{"@id":"https:\/\/cascamorras.org\/#\/schema\/person\/f6feb02bbb20c240a3989c4d29108235"},"potentialAction":[{"@type":"SearchAction","target":{"@type":"EntryPoint","urlTemplate":"https:\/\/cascamorras.org\/?s={search_term_string}"},"query-input":{"@type":"PropertyValueSpecification","valueRequired":true,"valueName":"search_term_string"}}],"inLanguage":"en-US"},{"@type":["Person","Organization"],"@id":"https:\/\/cascamorras.org\/#\/schema\/person\/f6feb02bbb20c240a3989c4d29108235","name":"SANTI VALERO SANCHEZ","image":{"@type":"ImageObject","inLanguage":"en-US","@id":"https:\/\/cascamorras.org\/#\/schema\/person\/image\/","url":"https:\/\/cascamorras.org\/wp-content\/uploads\/2025\/02\/Logo-Cueva-Cascamorras-positivo-scaled.jpg","contentUrl":"https:\/\/cascamorras.org\/wp-content\/uploads\/2025\/02\/Logo-Cueva-Cascamorras-positivo-scaled.jpg","width":2560,"height":2515,"caption":"SANTI VALERO SANCHEZ"},"logo":{"@id":"https:\/\/cascamorras.org\/#\/schema\/person\/image\/"}}]}},"uagb_featured_image_src":{"full":false,"thumbnail":false,"medium":false,"medium_large":false,"large":false,"1536x1536":false,"2048x2048":false,"trp-custom-language-flag":false},"uagb_author_info":{"display_name":"SANTI VALERO SANCHEZ","author_link":"https:\/\/cascamorras.org\/en\/author\/santi\/"},"uagb_comment_info":0,"uagb_excerpt":null,"_links":{"self":[{"href":"https:\/\/cascamorras.org\/en\/wp-json\/wp\/v2\/pages\/3791","targetHints":{"allow":["GET"]}}],"collection":[{"href":"https:\/\/cascamorras.org\/en\/wp-json\/wp\/v2\/pages"}],"about":[{"href":"https:\/\/cascamorras.org\/en\/wp-json\/wp\/v2\/types\/page"}],"author":[{"embeddable":true,"href":"https:\/\/cascamorras.org\/en\/wp-json\/wp\/v2\/users\/5"}],"replies":[{"embeddable":true,"href":"https:\/\/cascamorras.org\/en\/wp-json\/wp\/v2\/comments?post=3791"}],"version-history":[{"count":9,"href":"https:\/\/cascamorras.org\/en\/wp-json\/wp\/v2\/pages\/3791\/revisions"}],"predecessor-version":[{"id":3929,"href":"https:\/\/cascamorras.org\/en\/wp-json\/wp\/v2\/pages\/3791\/revisions\/3929"}],"up":[{"embeddable":true,"href":"https:\/\/cascamorras.org\/en\/wp-json\/wp\/v2\/pages\/2477"}],"wp:attachment":[{"href":"https:\/\/cascamorras.org\/en\/wp-json\/wp\/v2\/media?parent=3791"}],"curies":[{"name":"wp","href":"https:\/\/api.w.org\/{rel}","templated":true}]}}